{"id":469,"date":"2022-03-23T02:18:29","date_gmt":"2022-03-23T02:18:29","guid":{"rendered":"https:\/\/gytinbox.com\/?page_id=469"},"modified":"2022-07-22T22:51:14","modified_gmt":"2022-07-22T22:51:14","slug":"packaging-blog","status":"publish","type":"page","link":"https:\/\/gytinbox.com\/vi\/bao-bi-blog\/","title":{"rendered":"Blog bao b\u00ec"},"content":{"rendered":"<div data-elementor-type=\"wp-page\" data-elementor-id=\"469\" class=\"elementor elementor-469\">\n\t\t\t\t\t\t\t\t\t<section class=\"elementor-section elementor-top-section elementor-element elementor-element-810fe1a elementor-section-boxed elementor-section-height-default elementor-section-height-default\" data-id=\"810fe1a\" data-element_type=\"section\" data-settings=\"{&quot;jet_parallax_layout_list&quot;:[{&quot;jet_parallax_layout_image&quot;:{&quot;url&quot;:&quot;&quot;,&quot;id&quot;:&quot;&quot;,&quot;size&quot;:&quot;&quot;},&quot;_id&quot;:&quot;8a53ebb&quot;,&quot;jet_parallax_layout_image_tablet&quot;:{&quot;url&quot;:&quot;&quot;,&quot;id&quot;:&quot;&quot;,&quot;size&quot;:&quot;&quot;},&quot;jet_parallax_layout_image_mobile&quot;:{&quot;url&quot;:&quot;&quot;,&quot;id&quot;:&quot;&quot;,&quot;size&quot;:&quot;&quot;},&quot;jet_parallax_layout_speed&quot;:{&quot;unit&quot;:&quot;%&quot;,&quot;size&quot;:50,&quot;sizes&quot;:[]},&quot;jet_parallax_layout_type&quot;:&quot;scroll&quot;,&quot;jet_parallax_layout_direction&quot;:null,&quot;jet_parallax_layout_fx_direction&quot;:null,&quot;jet_parallax_layout_z_index&quot;:&quot;&quot;,&quot;jet_parallax_layout_bg_x&quot;:50,&quot;jet_parallax_layout_bg_x_tablet&quot;:&quot;&quot;,&quot;jet_parallax_layout_bg_x_mobile&quot;:&quot;&quot;,&quot;jet_parallax_layout_bg_y&quot;:50,&quot;jet_parallax_layout_bg_y_tablet&quot;:&quot;&quot;,&quot;jet_parallax_layout_bg_y_mobile&quot;:&quot;&quot;,&quot;jet_parallax_layout_bg_size&quot;:&quot;auto&quot;,&quot;jet_parallax_layout_bg_size_tablet&quot;:&quot;&quot;,&quot;jet_parallax_layout_bg_size_mobile&quot;:&quot;&quot;,&quot;jet_parallax_layout_animation_prop&quot;:&quot;transform&quot;,&quot;jet_parallax_layout_on&quot;:[&quot;desktop&quot;,&quot;tablet&quot;]}]}\">\n\t\t\t\t\t\t<div class=\"elementor-container elementor-column-gap-default\">\n\t\t\t\t\t<div class=\"elementor-column elementor-col-100 elementor-top-column elementor-element elementor-element-18ac348\" data-id=\"18ac348\" data-element_type=\"column\">\n\t\t\t<div class=\"elementor-widget-wrap elementor-element-populated\">\n\t\t\t\t\t\t\t\t<div class=\"elementor-element elementor-element-cfc54fa elementor-grid-1 elementor-grid-tablet-2 elementor-grid-mobile-1 elementor-posts--thumbnail-top elementor-posts--show-avatar elementor-card-shadow-yes elementor-posts__hover-gradient elementor-widget elementor-widget-posts\" data-id=\"cfc54fa\" data-element_type=\"widget\" data-settings=\"{&quot;cards_columns&quot;:&quot;1&quot;,&quot;cards_columns_tablet&quot;:&quot;2&quot;,&quot;cards_columns_mobile&quot;:&quot;1&quot;,&quot;cards_row_gap&quot;:{&quot;unit&quot;:&quot;px&quot;,&quot;size&quot;:35,&quot;sizes&quot;:[]},&quot;cards_row_gap_tablet&quot;:{&quot;unit&quot;:&quot;px&quot;,&quot;size&quot;:&quot;&quot;,&quot;sizes&quot;:[]},&quot;cards_row_gap_mobile&quot;:{&quot;unit&quot;:&quot;px&quot;,&quot;size&quot;:&quot;&quot;,&quot;sizes&quot;:[]}}\" data-widget_type=\"posts.cards\">\n\t\t\t\t<div class=\"elementor-widget-container\">\n\t\t\t<link rel=\"stylesheet\" href=\"https:\/\/gytinbox.com\/wp-content\/plugins\/elementor-pro\/assets\/css\/widget-posts.min.css\">\t\t<div class=\"elementor-posts-container elementor-posts elementor-posts--skin-cards elementor-grid\">\n\t\t\t\t<article class=\"elementor-post elementor-grid-item post-1800 post type-post status-publish format-standard has-post-thumbnail hentry category-tins-production\">\n\t\t\t<div class=\"elementor-post__card\">\n\t\t\t\t<a class=\"elementor-post__thumbnail__link\" href=\"https:\/\/gytinbox.com\/vi\/step-by-step-guide-on-how-to-read-and-place-graphic-artwork-on-a-tin-box-die-line\/\" ><div class=\"elementor-post__thumbnail\"><img loading=\"lazy\" decoding=\"async\" width=\"768\" height=\"432\" src=\"https:\/\/gytinbox.com\/wp-content\/uploads\/2022\/11\/how-to-read-a-dieline-file-768x432.jpg\" class=\"attachment-medium_large size-medium_large wp-image-1807\" alt=\"how to read a dieline file\" srcset=\"https:\/\/gytinbox.com\/wp-content\/uploads\/2022\/11\/how-to-read-a-dieline-file-768x432.jpg 768w, https:\/\/gytinbox.com\/wp-content\/uploads\/2022\/11\/how-to-read-a-dieline-file-300x169.jpg 300w, https:\/\/gytinbox.com\/wp-content\/uploads\/2022\/11\/how-to-read-a-dieline-file-1024x576.jpg 1024w, https:\/\/gytinbox.com\/wp-content\/uploads\/2022\/11\/how-to-read-a-dieline-file-1536x864.jpg 1536w, https:\/\/gytinbox.com\/wp-content\/uploads\/2022\/11\/how-to-read-a-dieline-file-2048x1152.jpg 2048w, https:\/\/gytinbox.com\/wp-content\/uploads\/2022\/11\/how-to-read-a-dieline-file-18x10.jpg 18w\" sizes=\"auto, (max-width: 768px) 100vw, 768px\" \/><\/div><\/a>\n\t\t\t\t<div class=\"elementor-post__badge\">S\u1ea3n xu\u1ea5t Tins<\/div>\n\t\t\t\t<div class=\"elementor-post__avatar\">\n\t\t\t<img alt='danielxie' src='https:\/\/secure.gravatar.com\/avatar\/59d3eb2845e7a1b6758e4e64aa5410bd4e40208dabeb889ff5b8c37fbdb0726a?s=128&#038;d=mm&#038;r=g' srcset='https:\/\/secure.gravatar.com\/avatar\/59d3eb2845e7a1b6758e4e64aa5410bd4e40208dabeb889ff5b8c37fbdb0726a?s=256&#038;d=mm&#038;r=g 2x' class='avatar avatar-128 photo' height='128' width='128' \/>\t\t<\/div>\n\t\t\t\t<div class=\"elementor-post__text\">\n\t\t\t\t<h3 class=\"elementor-post__title\">\n\t\t\t<a href=\"https:\/\/gytinbox.com\/vi\/step-by-step-guide-on-how-to-read-and-place-graphic-artwork-on-a-tin-box-die-line\/\" >\n\t\t\t\tStep-by-Step Guide on How To Read And Place Graphic Artwork on A Tin Box Die-Line\t\t\t<\/a>\n\t\t<\/h3>\n\t\t\t\t<div class=\"elementor-post__excerpt\">\n\t\t\t<p>Introduction Die line is the base of a successful custom packaging project, especially for custom packagings like metal tin cans or tin boxes, In this post, we will show you some practical examples of our custom printing projects, you will learn how to read and design properly on a tin box die line file. What<\/p>\n\t\t<\/div>\n\t\t\t\t\t<a class=\"elementor-post__read-more\" href=\"https:\/\/gytinbox.com\/vi\/step-by-step-guide-on-how-to-read-and-place-graphic-artwork-on-a-tin-box-die-line\/\" >\n\t\t\t\t\u0110\u1ecdc th\u00eam &quot;\t\t\t<\/a>\n\t\t\t\t<\/div>\n\t\t\t\t<div class=\"elementor-post__meta-data\">\n\t\t\t\t\t<span class=\"elementor-post-date\">\n\t\t\tTh\u00e1ng m\u01b0\u1eddi m\u1ed9t 30, 2022\t\t<\/span>\n\t\t\t\t<span class=\"elementor-post-avatar\">\n\t\t\tKh\u00f4ng c\u00f3 b\u00ecnh lu\u1eadn\t\t<\/span>\n\t\t\t\t<\/div>\n\t\t\t\t\t<\/div>\n\t\t<\/article>\n\t\t\t\t<article class=\"elementor-post elementor-grid-item post-1788 post type-post status-publish format-standard hentry category-uncategorized\">\n\t\t\t<div class=\"elementor-post__card\">\n\t\t\t\t<div class=\"elementor-post__text\">\n\t\t\t\t<h3 class=\"elementor-post__title\">\n\t\t\t<a href=\"https:\/\/gytinbox.com\/vi\/the-complete-guide-to-tea-packaging\/\" >\n\t\t\t\tThe Complete Guide to Tea Packaging and How to Decide Which Ones Actually Work\t\t\t<\/a>\n\t\t<\/h3>\n\t\t\t\t<div class=\"elementor-post__excerpt\">\n\t\t\t<p>Introduction Tea packaging is a very important part of the tea buying process. Consumers choose which type they want based on the type of tea they prefer and their personal preferences. There are three main types of packaging that tea producers use: paperboard, plastic, and foam. Paperboard is the most popular choice because it is<\/p>\n\t\t<\/div>\n\t\t\t\t\t<a class=\"elementor-post__read-more\" href=\"https:\/\/gytinbox.com\/vi\/the-complete-guide-to-tea-packaging\/\" >\n\t\t\t\t\u0110\u1ecdc th\u00eam &quot;\t\t\t<\/a>\n\t\t\t\t<\/div>\n\t\t\t\t<div class=\"elementor-post__meta-data\">\n\t\t\t\t\t<span class=\"elementor-post-date\">\n\t\t\tTh\u00e1ng m\u01b0\u1eddi m\u1ed9t 28, 2022\t\t<\/span>\n\t\t\t\t<span class=\"elementor-post-avatar\">\n\t\t\tKh\u00f4ng c\u00f3 b\u00ecnh lu\u1eadn\t\t<\/span>\n\t\t\t\t<\/div>\n\t\t\t\t\t<\/div>\n\t\t<\/article>\n\t\t\t\t<article class=\"elementor-post elementor-grid-item post-1620 post type-post status-publish format-standard hentry category-tins-production\">\n\t\t\t<div class=\"elementor-post__card\">\n\t\t\t\t<div class=\"elementor-post__text\">\n\t\t\t\t<h3 class=\"elementor-post__title\">\n\t\t\t<a href=\"https:\/\/gytinbox.com\/vi\/thiec-bao-bi-uu-diem\/\" >\n\t\t\t\tM\u1ed9t s\u1ed1 \u01b0u \u0111i\u1ec3m c\u1ee7a bao b\u00ec h\u1ed9p thi\u1ebfc\t\t\t<\/a>\n\t\t<\/h3>\n\t\t\t\t<div class=\"elementor-post__excerpt\">\n\t\t\t<p>T\u1ea5m thi\u1ebfc \u0111\u01b0\u1ee3c s\u1eed d\u1ee5ng trong nhi\u1ec1u lo\u1ea1i s\u1ea3n ph\u1ea9m, bao g\u1ed3m bao b\u00ec th\u1ef1c ph\u1ea9m v\u00e0 \u0111\u1ed3 u\u1ed1ng, h\u1ed9p \u0111\u1ef1ng d\u1ea7u m\u1ee1, h\u1ed9p \u0111\u1ef1ng h\u00f3a ch\u1ea5t v\u00e0 c\u00e1c lo\u1ea1i \u0111\u1ed3 h\u1ed9p kh\u00e1c. N\u00f3 b\u1ea3o v\u1ec7 t\u1ed1t c\u00e1c \u0111\u1eb7c t\u00ednh v\u1eadt l\u00fd v\u00e0 h\u00f3a h\u1ecdc c\u1ee7a s\u1ea3n ph\u1ea9m. T\u1ea5m thi\u1ebfc c\u00f3 th\u1ec3 bao ph\u1ee7 h\u01a1n 7.000 m\u00e9t vu\u00f4ng s\u1eaft \u0111\u00f3. M\u1ed9t t\u1ea5n c\u1ee7a n\u00f3 c\u00f3 th\u1ec3 bao ph\u1ee7 khu v\u1ef1c n\u00e0y. N\u00f3 c\u0169ng r\u1ea5t ph\u1ea3i ch\u0103ng. Tinplate l\u1edbn nh\u1ea5t<\/p>\n\t\t<\/div>\n\t\t\t\t\t<a class=\"elementor-post__read-more\" href=\"https:\/\/gytinbox.com\/vi\/thiec-bao-bi-uu-diem\/\" >\n\t\t\t\t\u0110\u1ecdc th\u00eam &quot;\t\t\t<\/a>\n\t\t\t\t<\/div>\n\t\t\t\t<div class=\"elementor-post__meta-data\">\n\t\t\t\t\t<span class=\"elementor-post-date\">\n\t\t\tTh\u00e1ng 8 13, 2022\t\t<\/span>\n\t\t\t\t<span class=\"elementor-post-avatar\">\n\t\t\t1 b\u00ecnh lu\u1eadn\t\t<\/span>\n\t\t\t\t<\/div>\n\t\t\t\t\t<\/div>\n\t\t<\/article>\n\t\t\t\t<article class=\"elementor-post elementor-grid-item post-665 post type-post status-publish format-standard hentry category-uncategorized\">\n\t\t\t<div class=\"elementor-post__card\">\n\t\t\t\t<div class=\"elementor-post__text\">\n\t\t\t\t<h3 class=\"elementor-post__title\">\n\t\t\t<a href=\"https:\/\/gytinbox.com\/vi\/creative-tin-box-packaging\/\" >\n\t\t\t\tBao b\u00ec h\u1ed9p thi\u1ebfc s\u00e1ng t\u1ea1o\t\t\t<\/a>\n\t\t<\/h3>\n\t\t\t\t<div class=\"elementor-post__excerpt\">\n\t\t\t<p>Bao b\u00ec h\u1ed9p thi\u1ebfc \u0111\u01b0\u1ee3c s\u1eed d\u1ee5ng r\u1ed9ng r\u00e3i trong nhi\u1ec1u ng\u00e0nh c\u00f4ng nghi\u1ec7p nh\u01b0 bao b\u00ec h\u1ed9p thi\u1ebfc \u0111\u1ef1ng tr\u00e0, bao b\u00ec h\u1ed9p thi\u1ebfc \u0111\u1ef1ng c\u00e0 ph\u00ea, bao b\u00ec h\u1ed9p thi\u1ebfc l\u00e0m qu\u00e0 t\u1eb7ng ... th\u1ebf gi\u1edbi bao b\u00ec c\u1ea1nh tranh v\u00ec m\u1ed9t l\u00fd do kh\u00f4ng th\u1ec3 \u0111\u00e1nh b\u1ea1i: bao b\u00ec h\u1ed9p thi\u1ebfc c\u00f3 th\u1ec3<\/p>\n\t\t<\/div>\n\t\t\t\t\t<a class=\"elementor-post__read-more\" href=\"https:\/\/gytinbox.com\/vi\/creative-tin-box-packaging\/\" >\n\t\t\t\t\u0110\u1ecdc th\u00eam &quot;\t\t\t<\/a>\n\t\t\t\t<\/div>\n\t\t\t\t<div class=\"elementor-post__meta-data\">\n\t\t\t\t\t<span class=\"elementor-post-date\">\n\t\t\tTh\u00e1ng 7 13, 2022\t\t<\/span>\n\t\t\t\t<span class=\"elementor-post-avatar\">\n\t\t\tKh\u00f4ng c\u00f3 b\u00ecnh lu\u1eadn\t\t<\/span>\n\t\t\t\t<\/div>\n\t\t\t\t\t<\/div>\n\t\t<\/article>\n\t\t\t\t<article class=\"elementor-post elementor-grid-item post-660 post type-post status-publish format-standard hentry category-uncategorized\">\n\t\t\t<div class=\"elementor-post__card\">\n\t\t\t\t<div class=\"elementor-post__text\">\n\t\t\t\t<h3 class=\"elementor-post__title\">\n\t\t\t<a href=\"https:\/\/gytinbox.com\/vi\/tra-bao-bi-desgin-thiec-lon\/\" >\n\t\t\t\tThi\u1ebft k\u1ebf bao b\u00ec tr\u00e0: Tea Tin Can Mockup and Design Step By Step Cinema 4d Tutorials\t\t\t<\/a>\n\t\t<\/h3>\n\t\t\t\t<div class=\"elementor-post__excerpt\">\n\t\t\t<p>Thi\u1ebft k\u1ebf bao b\u00ec tr\u00e0 bao g\u1ed3m m\u1ed9t ch\u1ee7 \u0111\u1ec1 r\u1ed9ng, trong h\u01b0\u1edbng d\u1eabn n\u00e0y, ch\u00fang t\u00f4i s\u1ebd t\u1eadp trung v\u00e0o g\u00f3i h\u1ed9p thi\u1ebfc tr\u00e0, l\u00e0 m\u1ed9t trong nh\u1eefng bao b\u00ec tr\u00e0 b\u1ec1n v\u1eefng, \u0111\u01b0\u1ee3c nhi\u1ec1u th\u01b0\u01a1ng hi\u1ec7u tr\u00e0 l\u1ef1a ch\u1ecdn. Nh\u1eefng g\u00ec b\u1ea1n s\u1ebd h\u1ecdc T\u1ea1o m\u00f4 h\u00ecnh 3d c\u1ee7a h\u1ed9p \u0111\u1ef1ng tr\u00e0 Xu\u1ea5t t\u1ec7p m\u1eabu cho thi\u1ebft k\u1ebf \u0111\u1ed3 h\u1ecda Ho\u00e0n th\u00e0nh vi\u1ec7c \u0111\u00f3ng g\u00f3i tr\u00e0<\/p>\n\t\t<\/div>\n\t\t\t\t\t<a class=\"elementor-post__read-more\" href=\"https:\/\/gytinbox.com\/vi\/tra-bao-bi-desgin-thiec-lon\/\" >\n\t\t\t\t\u0110\u1ecdc th\u00eam &quot;\t\t\t<\/a>\n\t\t\t\t<\/div>\n\t\t\t\t<div class=\"elementor-post__meta-data\">\n\t\t\t\t\t<span class=\"elementor-post-date\">\n\t\t\tTh\u00e1ng 7 11, 2022\t\t<\/span>\n\t\t\t\t<span class=\"elementor-post-avatar\">\n\t\t\tKh\u00f4ng c\u00f3 b\u00ecnh lu\u1eadn\t\t<\/span>\n\t\t\t\t<\/div>\n\t\t\t\t\t<\/div>\n\t\t<\/article>\n\t\t\t\t<article class=\"elementor-post elementor-grid-item post-661 post type-post status-publish format-standard hentry category-uncategorized\">\n\t\t\t<div class=\"elementor-post__card\">\n\t\t\t\t<div class=\"elementor-post__text\">\n\t\t\t\t<h3 class=\"elementor-post__title\">\n\t\t\t<a href=\"https:\/\/gytinbox.com\/vi\/dieline-of-packaging-the-ultimate-guide\/\" >\n\t\t\t\tQuy tr\u00ecnh \u0111\u00f3ng g\u00f3i: H\u01b0\u1edbng d\u1eabn cu\u1ed1i c\u00f9ng\t\t\t<\/a>\n\t\t<\/h3>\n\t\t\t\t<div class=\"elementor-post__excerpt\">\n\t\t\t<p>Dieline c\u1ee7a c\u00e1i g\u00ec? C\u00e1c lo\u1ea1i v\u00ed d\u1ee5 v\u1ec1 \u0111\u01b0\u1eddng Dieline: \u0111\u1ecdc m\u1ed9t v\u00f2ng c\u00f3 th\u1ec3 l\u00e0m m\u1edd Ai cung c\u1ea5p \u0111\u01b0\u1eddng dieline? B\u1ea1n c\u00f3 th\u1ec3 t\u1ef1 m\u00ecnh l\u00e0m m\u1ed9t con \u0111\u01b0\u1eddng kh\u00f4ng? S\u1eed d\u1ee5ng Adobe Illustrator \u0111\u1ec3 t\u1ea1o \u0111\u01b0\u1eddng d\u1eabn: l\u1eddi khuy\u00ean th\u1ef1c t\u1ebf t\u1ed1t nh\u1ea5t m\u00e0 b\u1ea1n n\u00ean l\u1eafng nghe \u0110\u1eebng s\u1eed d\u1ee5ng c\u00e1c c\u00f4ng c\u1ee5 n\u00e0y \u0111\u1ec3 t\u1ea1o \u0111\u01b0\u1eddng d\u1eabn. Khi l\u1ecbch tr\u00ecnh \u0111\u00e3 s\u1eb5n s\u00e0ng, \u0111i\u1ec1u g\u00ec ti\u1ebfp theo? C\u1ea7n<\/p>\n\t\t<\/div>\n\t\t\t\t\t<a class=\"elementor-post__read-more\" href=\"https:\/\/gytinbox.com\/vi\/dieline-of-packaging-the-ultimate-guide\/\" >\n\t\t\t\t\u0110\u1ecdc th\u00eam &quot;\t\t\t<\/a>\n\t\t\t\t<\/div>\n\t\t\t\t<div class=\"elementor-post__meta-data\">\n\t\t\t\t\t<span class=\"elementor-post-date\">\n\t\t\tTh\u00e1ng 7 11, 2022\t\t<\/span>\n\t\t\t\t<span class=\"elementor-post-avatar\">\n\t\t\tKh\u00f4ng c\u00f3 b\u00ecnh lu\u1eadn\t\t<\/span>\n\t\t\t\t<\/div>\n\t\t\t\t\t<\/div>\n\t\t<\/article>\n\t\t\t\t<\/div>\n\n\n\t\t\n\t\t\t\t<\/div>\n\t\t\t\t<\/div>\n\t\t\t\t\t<\/div>\n\t\t<\/div>\n\t\t\t\t\t\t\t<\/div>\n\t\t<\/section>\n\t\t\t\t\t\t\t<\/div>","protected":false},"excerpt":{"rendered":"","protected":false},"author":1,"featured_media":0,"parent":0,"menu_order":0,"comment_status":"closed","ping_status":"closed","template":"","meta":{"footnotes":""},"class_list":["post-469","page","type-page","status-publish","hentry"],"yoast_head":"<!-- This site is optimized with the Yoast SEO plugin v19.4 - https:\/\/yoast.com\/wordpress\/plugins\/seo\/ -->\n<title>Metal Tin Packaging Blog - China Tin Box Manufacturer<\/title>\n<meta name=\"description\" content=\"From this metal pacakging blog, you can have the lastest news, knowledge or know-how about metal tin packaging from industrial professionals\" \/>\n<meta name=\"robots\" content=\"index, follow, max-snippet:-1, max-image-preview:large, max-video-preview:-1\" \/>\n<link rel=\"canonical\" href=\"https:\/\/gytinbox.com\/vi\/verpackungsblog\/\" \/>\n<meta property=\"og:locale\" content=\"vi_VN\" \/>\n<meta property=\"og:type\" content=\"article\" \/>\n<meta property=\"og:title\" content=\"Metal Tin Packaging Blog - China Tin Box Manufacturer\" \/>\n<meta property=\"og:description\" content=\"From this metal pacakging blog, you can have the lastest news, knowledge or know-how about metal tin packaging from industrial professionals\" \/>\n<meta property=\"og:url\" content=\"https:\/\/gytinbox.com\/vi\/verpackungsblog\/\" \/>\n<meta property=\"og:site_name\" content=\"China Tin Box Manufacturer\" \/>\n<meta property=\"article:modified_time\" content=\"2022-07-22T22:51:14+00:00\" \/>\n<meta name=\"twitter:card\" content=\"summary_large_image\" \/>\n<meta name=\"twitter:label1\" content=\"\u01af\u1edbc t\u00ednh th\u1eddi gian \u0111\u1ecdc\" \/>\n\t<meta name=\"twitter:data1\" content=\"1 ph\u00fat\" \/>\n<script type=\"application\/ld+json\" class=\"yoast-schema-graph\">{\"@context\":\"https:\/\/schema.org\",\"@graph\":[{\"@type\":\"Organization\",\"@id\":\"https:\/\/gytinbox.com\/ja\/#organization\",\"name\":\"China Tin Box Manufacturer\",\"url\":\"https:\/\/gytinbox.com\/ja\/\",\"sameAs\":[],\"logo\":{\"@type\":\"ImageObject\",\"inLanguage\":\"vi\",\"@id\":\"https:\/\/gytinbox.com\/ja\/#\/schema\/logo\/image\/\",\"url\":\"https:\/\/gytinbox.com\/wp-content\/uploads\/2021\/10\/cropped-site-logo-color.png\",\"contentUrl\":\"https:\/\/gytinbox.com\/wp-content\/uploads\/2021\/10\/cropped-site-logo-color.png\",\"width\":258,\"height\":104,\"caption\":\"China Tin Box Manufacturer\"},\"image\":{\"@id\":\"https:\/\/gytinbox.com\/ja\/#\/schema\/logo\/image\/\"}},{\"@type\":\"WebSite\",\"@id\":\"https:\/\/gytinbox.com\/ja\/#website\",\"url\":\"https:\/\/gytinbox.com\/ja\/\",\"name\":\"China Tin Box Manufacturer\",\"description\":\"Custom Tin Boxes Tin Cans Manufacturer &amp; Service Provider\",\"publisher\":{\"@id\":\"https:\/\/gytinbox.com\/ja\/#organization\"},\"potentialAction\":[{\"@type\":\"SearchAction\",\"target\":{\"@type\":\"EntryPoint\",\"urlTemplate\":\"https:\/\/gytinbox.com\/ja\/?s={search_term_string}\"},\"query-input\":\"required name=search_term_string\"}],\"inLanguage\":\"vi\"},{\"@type\":\"WebPage\",\"@id\":\"https:\/\/gytinbox.com\/de\/verpackungsblog\/\",\"url\":\"https:\/\/gytinbox.com\/de\/verpackungsblog\/\",\"name\":\"Metal Tin Packaging Blog - China Tin Box Manufacturer\",\"isPartOf\":{\"@id\":\"https:\/\/gytinbox.com\/ja\/#website\"},\"datePublished\":\"2022-03-23T02:18:29+00:00\",\"dateModified\":\"2022-07-22T22:51:14+00:00\",\"description\":\"From this metal pacakging blog, you can have the lastest news, knowledge or know-how about metal tin packaging from industrial professionals\",\"breadcrumb\":{\"@id\":\"https:\/\/gytinbox.com\/de\/verpackungsblog\/#breadcrumb\"},\"inLanguage\":\"vi\",\"potentialAction\":[{\"@type\":\"ReadAction\",\"target\":[\"https:\/\/gytinbox.com\/de\/verpackungsblog\/\"]}]},{\"@type\":\"BreadcrumbList\",\"@id\":\"https:\/\/gytinbox.com\/de\/verpackungsblog\/#breadcrumb\",\"itemListElement\":[{\"@type\":\"ListItem\",\"position\":1,\"name\":\"Home\",\"item\":\"https:\/\/gytinbox.com\/\"},{\"@type\":\"ListItem\",\"position\":2,\"name\":\"Packaging Blog\"}]}]}<\/script>\n<!-- \/ Yoast SEO plugin. -->","yoast_head_json":{"title":"Metal Tin Packaging Blog - China Tin Box Manufacturer","description":"From this metal pacakging blog, you can have the lastest news, knowledge or know-how about metal tin packaging from industrial professionals","robots":{"index":"index","follow":"follow","max-snippet":"max-snippet:-1","max-image-preview":"max-image-preview:large","max-video-preview":"max-video-preview:-1"},"canonical":"https:\/\/gytinbox.com\/vi\/verpackungsblog\/","og_locale":"vi_VN","og_type":"article","og_title":"Metal Tin Packaging Blog - China Tin Box Manufacturer","og_description":"From this metal pacakging blog, you can have the lastest news, knowledge or know-how about metal tin packaging from industrial professionals","og_url":"https:\/\/gytinbox.com\/vi\/verpackungsblog\/","og_site_name":"China Tin Box Manufacturer","article_modified_time":"2022-07-22T22:51:14+00:00","twitter_card":"summary_large_image","twitter_misc":{"\u01af\u1edbc t\u00ednh th\u1eddi gian \u0111\u1ecdc":"1 ph\u00fat"},"schema":{"@context":"https:\/\/schema.org","@graph":[{"@type":"Organization","@id":"https:\/\/gytinbox.com\/ja\/#organization","name":"China Tin Box Manufacturer","url":"https:\/\/gytinbox.com\/ja\/","sameAs":[],"logo":{"@type":"ImageObject","inLanguage":"vi","@id":"https:\/\/gytinbox.com\/ja\/#\/schema\/logo\/image\/","url":"https:\/\/gytinbox.com\/wp-content\/uploads\/2021\/10\/cropped-site-logo-color.png","contentUrl":"https:\/\/gytinbox.com\/wp-content\/uploads\/2021\/10\/cropped-site-logo-color.png","width":258,"height":104,"caption":"China Tin Box Manufacturer"},"image":{"@id":"https:\/\/gytinbox.com\/ja\/#\/schema\/logo\/image\/"}},{"@type":"WebSite","@id":"https:\/\/gytinbox.com\/ja\/#website","url":"https:\/\/gytinbox.com\/ja\/","name":"China Tin Box Manufacturer","description":"Custom Tin Boxes Tin Cans Manufacturer &amp; Service Provider","publisher":{"@id":"https:\/\/gytinbox.com\/ja\/#organization"},"potentialAction":[{"@type":"SearchAction","target":{"@type":"EntryPoint","urlTemplate":"https:\/\/gytinbox.com\/ja\/?s={search_term_string}"},"query-input":"required name=search_term_string"}],"inLanguage":"vi"},{"@type":"WebPage","@id":"https:\/\/gytinbox.com\/de\/verpackungsblog\/","url":"https:\/\/gytinbox.com\/de\/verpackungsblog\/","name":"Metal Tin Packaging Blog - China Tin Box Manufacturer","isPartOf":{"@id":"https:\/\/gytinbox.com\/ja\/#website"},"datePublished":"2022-03-23T02:18:29+00:00","dateModified":"2022-07-22T22:51:14+00:00","description":"From this metal pacakging blog, you can have the lastest news, knowledge or know-how about metal tin packaging from industrial professionals","breadcrumb":{"@id":"https:\/\/gytinbox.com\/de\/verpackungsblog\/#breadcrumb"},"inLanguage":"vi","potentialAction":[{"@type":"ReadAction","target":["https:\/\/gytinbox.com\/de\/verpackungsblog\/"]}]},{"@type":"BreadcrumbList","@id":"https:\/\/gytinbox.com\/de\/verpackungsblog\/#breadcrumb","itemListElement":[{"@type":"ListItem","position":1,"name":"Home","item":"https:\/\/gytinbox.com\/"},{"@type":"ListItem","position":2,"name":"Packaging Blog"}]}]}},"_links":{"self":[{"href":"https:\/\/gytinbox.com\/vi\/wp-json\/wp\/v2\/pages\/469","targetHints":{"allow":["GET"]}}],"collection":[{"href":"https:\/\/gytinbox.com\/vi\/wp-json\/wp\/v2\/pages"}],"about":[{"href":"https:\/\/gytinbox.com\/vi\/wp-json\/wp\/v2\/types\/page"}],"author":[{"embeddable":true,"href":"https:\/\/gytinbox.com\/vi\/wp-json\/wp\/v2\/users\/1"}],"replies":[{"embeddable":true,"href":"https:\/\/gytinbox.com\/vi\/wp-json\/wp\/v2\/comments?post=469"}],"version-history":[{"count":4,"href":"https:\/\/gytinbox.com\/vi\/wp-json\/wp\/v2\/pages\/469\/revisions"}],"predecessor-version":[{"id":473,"href":"https:\/\/gytinbox.com\/vi\/wp-json\/wp\/v2\/pages\/469\/revisions\/473"}],"wp:attachment":[{"href":"https:\/\/gytinbox.com\/vi\/wp-json\/wp\/v2\/media?parent=469"}],"curies":[{"name":"wp","href":"https:\/\/api.w.org\/{rel}","templated":true}]}}