{"id":469,"date":"2022-03-23T02:18:29","date_gmt":"2022-03-23T02:18:29","guid":{"rendered":"https:\/\/gytinbox.com\/?page_id=469"},"modified":"2022-07-22T22:51:14","modified_gmt":"2022-07-22T22:51:14","slug":"packaging-blog","status":"publish","type":"page","link":"https:\/\/gytinbox.com\/fr\/blog-emballage\/","title":{"rendered":"Blogue sur l&#039;emballage"},"content":{"rendered":"<div data-elementor-type=\"wp-page\" data-elementor-id=\"469\" class=\"elementor elementor-469\">\n\t\t\t\t\t\t\t\t\t<section class=\"elementor-section elementor-top-section elementor-element elementor-element-810fe1a elementor-section-boxed elementor-section-height-default elementor-section-height-default\" data-id=\"810fe1a\" data-element_type=\"section\" data-settings=\"{&quot;jet_parallax_layout_list&quot;:[{&quot;jet_parallax_layout_image&quot;:{&quot;url&quot;:&quot;&quot;,&quot;id&quot;:&quot;&quot;,&quot;size&quot;:&quot;&quot;},&quot;_id&quot;:&quot;8a53ebb&quot;,&quot;jet_parallax_layout_image_tablet&quot;:{&quot;url&quot;:&quot;&quot;,&quot;id&quot;:&quot;&quot;,&quot;size&quot;:&quot;&quot;},&quot;jet_parallax_layout_image_mobile&quot;:{&quot;url&quot;:&quot;&quot;,&quot;id&quot;:&quot;&quot;,&quot;size&quot;:&quot;&quot;},&quot;jet_parallax_layout_speed&quot;:{&quot;unit&quot;:&quot;%&quot;,&quot;size&quot;:50,&quot;sizes&quot;:[]},&quot;jet_parallax_layout_type&quot;:&quot;scroll&quot;,&quot;jet_parallax_layout_direction&quot;:null,&quot;jet_parallax_layout_fx_direction&quot;:null,&quot;jet_parallax_layout_z_index&quot;:&quot;&quot;,&quot;jet_parallax_layout_bg_x&quot;:50,&quot;jet_parallax_layout_bg_x_tablet&quot;:&quot;&quot;,&quot;jet_parallax_layout_bg_x_mobile&quot;:&quot;&quot;,&quot;jet_parallax_layout_bg_y&quot;:50,&quot;jet_parallax_layout_bg_y_tablet&quot;:&quot;&quot;,&quot;jet_parallax_layout_bg_y_mobile&quot;:&quot;&quot;,&quot;jet_parallax_layout_bg_size&quot;:&quot;auto&quot;,&quot;jet_parallax_layout_bg_size_tablet&quot;:&quot;&quot;,&quot;jet_parallax_layout_bg_size_mobile&quot;:&quot;&quot;,&quot;jet_parallax_layout_animation_prop&quot;:&quot;transform&quot;,&quot;jet_parallax_layout_on&quot;:[&quot;desktop&quot;,&quot;tablet&quot;]}]}\">\n\t\t\t\t\t\t<div class=\"elementor-container elementor-column-gap-default\">\n\t\t\t\t\t<div class=\"elementor-column elementor-col-100 elementor-top-column elementor-element elementor-element-18ac348\" data-id=\"18ac348\" data-element_type=\"column\">\n\t\t\t<div class=\"elementor-widget-wrap elementor-element-populated\">\n\t\t\t\t\t\t\t\t<div class=\"elementor-element elementor-element-cfc54fa elementor-grid-1 elementor-grid-tablet-2 elementor-grid-mobile-1 elementor-posts--thumbnail-top elementor-posts--show-avatar elementor-card-shadow-yes elementor-posts__hover-gradient elementor-widget elementor-widget-posts\" data-id=\"cfc54fa\" data-element_type=\"widget\" data-settings=\"{&quot;cards_columns&quot;:&quot;1&quot;,&quot;cards_columns_tablet&quot;:&quot;2&quot;,&quot;cards_columns_mobile&quot;:&quot;1&quot;,&quot;cards_row_gap&quot;:{&quot;unit&quot;:&quot;px&quot;,&quot;size&quot;:35,&quot;sizes&quot;:[]},&quot;cards_row_gap_tablet&quot;:{&quot;unit&quot;:&quot;px&quot;,&quot;size&quot;:&quot;&quot;,&quot;sizes&quot;:[]},&quot;cards_row_gap_mobile&quot;:{&quot;unit&quot;:&quot;px&quot;,&quot;size&quot;:&quot;&quot;,&quot;sizes&quot;:[]}}\" data-widget_type=\"posts.cards\">\n\t\t\t\t<div class=\"elementor-widget-container\">\n\t\t\t<link rel=\"stylesheet\" href=\"https:\/\/gytinbox.com\/wp-content\/plugins\/elementor-pro\/assets\/css\/widget-posts.min.css\">\t\t<div class=\"elementor-posts-container elementor-posts elementor-posts--skin-cards elementor-grid\">\n\t\t\t\t<article class=\"elementor-post elementor-grid-item post-1800 post type-post status-publish format-standard has-post-thumbnail hentry category-tins-production\">\n\t\t\t<div class=\"elementor-post__card\">\n\t\t\t\t<a class=\"elementor-post__thumbnail__link\" href=\"https:\/\/gytinbox.com\/fr\/step-by-step-guide-on-how-to-read-and-place-graphic-artwork-on-a-tin-box-die-line\/\" ><div class=\"elementor-post__thumbnail\"><img loading=\"lazy\" decoding=\"async\" width=\"768\" height=\"432\" src=\"https:\/\/gytinbox.com\/wp-content\/uploads\/2022\/11\/how-to-read-a-dieline-file-768x432.jpg\" class=\"attachment-medium_large size-medium_large wp-image-1807\" alt=\"how to read a dieline file\" srcset=\"https:\/\/gytinbox.com\/wp-content\/uploads\/2022\/11\/how-to-read-a-dieline-file-768x432.jpg 768w, https:\/\/gytinbox.com\/wp-content\/uploads\/2022\/11\/how-to-read-a-dieline-file-300x169.jpg 300w, https:\/\/gytinbox.com\/wp-content\/uploads\/2022\/11\/how-to-read-a-dieline-file-1024x576.jpg 1024w, https:\/\/gytinbox.com\/wp-content\/uploads\/2022\/11\/how-to-read-a-dieline-file-1536x864.jpg 1536w, https:\/\/gytinbox.com\/wp-content\/uploads\/2022\/11\/how-to-read-a-dieline-file-2048x1152.jpg 2048w, https:\/\/gytinbox.com\/wp-content\/uploads\/2022\/11\/how-to-read-a-dieline-file-18x10.jpg 18w\" sizes=\"auto, (max-width: 768px) 100vw, 768px\" \/><\/div><\/a>\n\t\t\t\t<div class=\"elementor-post__badge\">Production de bo\u00eetes<\/div>\n\t\t\t\t<div class=\"elementor-post__avatar\">\n\t\t\t<img alt='danielxie' src='https:\/\/secure.gravatar.com\/avatar\/59d3eb2845e7a1b6758e4e64aa5410bd4e40208dabeb889ff5b8c37fbdb0726a?s=128&#038;d=mm&#038;r=g' srcset='https:\/\/secure.gravatar.com\/avatar\/59d3eb2845e7a1b6758e4e64aa5410bd4e40208dabeb889ff5b8c37fbdb0726a?s=256&#038;d=mm&#038;r=g 2x' class='avatar avatar-128 photo' height='128' width='128' \/>\t\t<\/div>\n\t\t\t\t<div class=\"elementor-post__text\">\n\t\t\t\t<h3 class=\"elementor-post__title\">\n\t\t\t<a href=\"https:\/\/gytinbox.com\/fr\/step-by-step-guide-on-how-to-read-and-place-graphic-artwork-on-a-tin-box-die-line\/\" >\n\t\t\t\tGuide \u00e9tape par \u00e9tape sur la lecture et le positionnement des illustrations graphiques sur une d\u00e9coupe de bo\u00eete en m\u00e9tal\t\t\t<\/a>\n\t\t<\/h3>\n\t\t\t\t<div class=\"elementor-post__excerpt\">\n\t\t\t<p>Introduction Die line is the base of a successful custom packaging project, especially for custom packagings like metal tin cans or tin boxes, In this post, we will show you some practical examples of our custom printing projects, you will learn how to read and design properly on a tin box die line file. What<\/p>\n\t\t<\/div>\n\t\t\t\t\t<a class=\"elementor-post__read-more\" href=\"https:\/\/gytinbox.com\/fr\/step-by-step-guide-on-how-to-read-and-place-graphic-artwork-on-a-tin-box-die-line\/\" >\n\t\t\t\tEn savoir plus &quot;\t\t\t<\/a>\n\t\t\t\t<\/div>\n\t\t\t\t<div class=\"elementor-post__meta-data\">\n\t\t\t\t\t<span class=\"elementor-post-date\">\n\t\t\tnovembre 30, 2022\t\t<\/span>\n\t\t\t\t<span class=\"elementor-post-avatar\">\n\t\t\tAucun commentaire\t\t<\/span>\n\t\t\t\t<\/div>\n\t\t\t\t\t<\/div>\n\t\t<\/article>\n\t\t\t\t<article class=\"elementor-post elementor-grid-item post-1788 post type-post status-publish format-standard hentry category-uncategorized\">\n\t\t\t<div class=\"elementor-post__card\">\n\t\t\t\t<div class=\"elementor-post__text\">\n\t\t\t\t<h3 class=\"elementor-post__title\">\n\t\t\t<a href=\"https:\/\/gytinbox.com\/fr\/the-complete-guide-to-tea-packaging\/\" >\n\t\t\t\tLe guide complet des emballages de th\u00e9 et comment choisir ceux qui sont vraiment efficaces\t\t\t<\/a>\n\t\t<\/h3>\n\t\t\t\t<div class=\"elementor-post__excerpt\">\n\t\t\t<p>Introduction Tea packaging is a very important part of the tea buying process. Consumers choose which type they want based on the type of tea they prefer and their personal preferences. There are three main types of packaging that tea producers use: paperboard, plastic, and foam. Paperboard is the most popular choice because it is<\/p>\n\t\t<\/div>\n\t\t\t\t\t<a class=\"elementor-post__read-more\" href=\"https:\/\/gytinbox.com\/fr\/the-complete-guide-to-tea-packaging\/\" >\n\t\t\t\tEn savoir plus &quot;\t\t\t<\/a>\n\t\t\t\t<\/div>\n\t\t\t\t<div class=\"elementor-post__meta-data\">\n\t\t\t\t\t<span class=\"elementor-post-date\">\n\t\t\tnovembre 28, 2022\t\t<\/span>\n\t\t\t\t<span class=\"elementor-post-avatar\">\n\t\t\tAucun commentaire\t\t<\/span>\n\t\t\t\t<\/div>\n\t\t\t\t\t<\/div>\n\t\t<\/article>\n\t\t\t\t<article class=\"elementor-post elementor-grid-item post-1620 post type-post status-publish format-standard hentry category-tins-production\">\n\t\t\t<div class=\"elementor-post__card\">\n\t\t\t\t<div class=\"elementor-post__text\">\n\t\t\t\t<h3 class=\"elementor-post__title\">\n\t\t\t<a href=\"https:\/\/gytinbox.com\/fr\/fer-blanc-emballage-avantages\/\" >\n\t\t\t\tPlusieurs avantages de l&#039;emballage en bo\u00eete m\u00e9tallique\t\t\t<\/a>\n\t\t<\/h3>\n\t\t\t\t<div class=\"elementor-post__excerpt\">\n\t\t\t<p>Le fer-blanc est utilis\u00e9 dans une vari\u00e9t\u00e9 de produits, y compris les emballages d&#039;aliments et de boissons, les bidons de graisse, les bidons de produits chimiques et les bidons divers. Il assure une bonne protection des propri\u00e9t\u00e9s physiques et chimiques du produit. Le fer-blanc peut couvrir plus de 7 000 m\u00e8tres carr\u00e9s de fer. Une tonne peut couvrir cette zone. Il est \u00e9galement tr\u00e8s abordable. Le plus grand de fer-blanc<\/p>\n\t\t<\/div>\n\t\t\t\t\t<a class=\"elementor-post__read-more\" href=\"https:\/\/gytinbox.com\/fr\/fer-blanc-emballage-avantages\/\" >\n\t\t\t\tEn savoir plus &quot;\t\t\t<\/a>\n\t\t\t\t<\/div>\n\t\t\t\t<div class=\"elementor-post__meta-data\">\n\t\t\t\t\t<span class=\"elementor-post-date\">\n\t\t\t13 ao\u00fbt 2022\t\t<\/span>\n\t\t\t\t<span class=\"elementor-post-avatar\">\n\t\t\tUn commentaire\t\t<\/span>\n\t\t\t\t<\/div>\n\t\t\t\t\t<\/div>\n\t\t<\/article>\n\t\t\t\t<article class=\"elementor-post elementor-grid-item post-665 post type-post status-publish format-standard hentry category-uncategorized\">\n\t\t\t<div class=\"elementor-post__card\">\n\t\t\t\t<div class=\"elementor-post__text\">\n\t\t\t\t<h3 class=\"elementor-post__title\">\n\t\t\t<a href=\"https:\/\/gytinbox.com\/fr\/creative-tin-box-packaging\/\" >\n\t\t\t\tEmballage de bo\u00eete en fer blanc cr\u00e9atif\t\t\t<\/a>\n\t\t<\/h3>\n\t\t\t\t<div class=\"elementor-post__excerpt\">\n\t\t\t<p>Les emballages en fer blanc sont largement utilis\u00e9s dans de nombreuses industries, comme les emballages en fer blanc pour le th\u00e9, les emballages en fer blanc pour le caf\u00e9, les emballages en fer blanc pour les cadeaux, etc. monde de l&#039;emballage comp\u00e9titif pour une raison imbattable\u00a0: l&#039;emballage en bo\u00eete m\u00e9tallique peut<\/p>\n\t\t<\/div>\n\t\t\t\t\t<a class=\"elementor-post__read-more\" href=\"https:\/\/gytinbox.com\/fr\/creative-tin-box-packaging\/\" >\n\t\t\t\tEn savoir plus &quot;\t\t\t<\/a>\n\t\t\t\t<\/div>\n\t\t\t\t<div class=\"elementor-post__meta-data\">\n\t\t\t\t\t<span class=\"elementor-post-date\">\n\t\t\t13 juillet 2022\t\t<\/span>\n\t\t\t\t<span class=\"elementor-post-avatar\">\n\t\t\tAucun commentaire\t\t<\/span>\n\t\t\t\t<\/div>\n\t\t\t\t\t<\/div>\n\t\t<\/article>\n\t\t\t\t<article class=\"elementor-post elementor-grid-item post-660 post type-post status-publish format-standard hentry category-uncategorized\">\n\t\t\t<div class=\"elementor-post__card\">\n\t\t\t\t<div class=\"elementor-post__text\">\n\t\t\t\t<h3 class=\"elementor-post__title\">\n\t\t\t<a href=\"https:\/\/gytinbox.com\/fr\/tea-packaging-desgin-tin-can\/\" >\n\t\t\t\tConception d&#039;emballages de th\u00e9: Maquette et conception de bo\u00eetes de conserve de th\u00e9, \u00e9tape par \u00e9tape Tutoriels Cinema 4d\t\t\t<\/a>\n\t\t<\/h3>\n\t\t\t\t<div class=\"elementor-post__excerpt\">\n\t\t\t<p>La conception des emballages de th\u00e9 couvre un vaste sujet, dans ce tutoriel, nous nous concentrerons sur l&#039;emballage de la bo\u00eete de th\u00e9, qui est l&#039;un des emballages de th\u00e9 durables, choisi par de nombreuses marques de th\u00e9. Ce que vous apprendrez Cr\u00e9er un mod\u00e8le 3D d&#039;une bo\u00eete de th\u00e9 Exporter le fichier mod\u00e8le pour la conception graphique Terminer l&#039;emballage du th\u00e9<\/p>\n\t\t<\/div>\n\t\t\t\t\t<a class=\"elementor-post__read-more\" href=\"https:\/\/gytinbox.com\/fr\/tea-packaging-desgin-tin-can\/\" >\n\t\t\t\tEn savoir plus &quot;\t\t\t<\/a>\n\t\t\t\t<\/div>\n\t\t\t\t<div class=\"elementor-post__meta-data\">\n\t\t\t\t\t<span class=\"elementor-post-date\">\n\t\t\t11 juillet 2022\t\t<\/span>\n\t\t\t\t<span class=\"elementor-post-avatar\">\n\t\t\tAucun commentaire\t\t<\/span>\n\t\t\t\t<\/div>\n\t\t\t\t\t<\/div>\n\t\t<\/article>\n\t\t\t\t<article class=\"elementor-post elementor-grid-item post-661 post type-post status-publish format-standard hentry category-uncategorized\">\n\t\t\t<div class=\"elementor-post__card\">\n\t\t\t\t<div class=\"elementor-post__text\">\n\t\t\t\t<h3 class=\"elementor-post__title\">\n\t\t\t<a href=\"https:\/\/gytinbox.com\/fr\/dieline-of-packaging-le-guide-ultime\/\" >\n\t\t\t\tDieline de l&#039;emballage\u00a0: le guide ultime\t\t\t<\/a>\n\t\t<\/h3>\n\t\t\t\t<div class=\"elementor-post__excerpt\">\n\t\t\t<p>Di\u00e9line de quoi ? Types de dieline Exemples de dieline : lecture d&#039;un rond peut dieline Qui fournit le dieline ? Pouvez-vous faire un dieline vous-m\u00eame? Utilisation d&#039;Adobe Illustrator pour cr\u00e9er des d\u00e9coupes : les meilleurs conseils pratiques que vous montrez \u00e9coutez N&#039;utilisez pas ces outils pour cr\u00e9er des d\u00e9coupes What Else Do Dielines Show? Lorsque les dielines sont pr\u00eates, quelle est la prochaine \u00e9tape\u00a0? Besoin<\/p>\n\t\t<\/div>\n\t\t\t\t\t<a class=\"elementor-post__read-more\" href=\"https:\/\/gytinbox.com\/fr\/dieline-of-packaging-le-guide-ultime\/\" >\n\t\t\t\tEn savoir plus &quot;\t\t\t<\/a>\n\t\t\t\t<\/div>\n\t\t\t\t<div class=\"elementor-post__meta-data\">\n\t\t\t\t\t<span class=\"elementor-post-date\">\n\t\t\t11 juillet 2022\t\t<\/span>\n\t\t\t\t<span class=\"elementor-post-avatar\">\n\t\t\tAucun commentaire\t\t<\/span>\n\t\t\t\t<\/div>\n\t\t\t\t\t<\/div>\n\t\t<\/article>\n\t\t\t\t<\/div>\n\n\n\t\t\n\t\t\t\t<\/div>\n\t\t\t\t<\/div>\n\t\t\t\t\t<\/div>\n\t\t<\/div>\n\t\t\t\t\t\t\t<\/div>\n\t\t<\/section>\n\t\t\t\t\t\t\t<\/div>","protected":false},"excerpt":{"rendered":"","protected":false},"author":1,"featured_media":0,"parent":0,"menu_order":0,"comment_status":"closed","ping_status":"closed","template":"","meta":{"footnotes":""},"class_list":["post-469","page","type-page","status-publish","hentry"],"yoast_head":"<!-- This site is optimized with the Yoast SEO plugin v19.4 - https:\/\/yoast.com\/wordpress\/plugins\/seo\/ -->\n<title>Metal Tin Packaging Blog - China Tin Box Manufacturer<\/title>\n<meta name=\"description\" content=\"From this metal pacakging blog, you can have the lastest news, knowledge or know-how about metal tin packaging from industrial professionals\" \/>\n<meta name=\"robots\" content=\"index, follow, max-snippet:-1, max-image-preview:large, max-video-preview:-1\" \/>\n<link rel=\"canonical\" href=\"https:\/\/gytinbox.com\/fr\/verpackungsblog\/\" \/>\n<meta property=\"og:locale\" content=\"fr_FR\" \/>\n<meta property=\"og:type\" content=\"article\" \/>\n<meta property=\"og:title\" content=\"Metal Tin Packaging Blog - China Tin Box Manufacturer\" \/>\n<meta property=\"og:description\" content=\"From this metal pacakging blog, you can have the lastest news, knowledge or know-how about metal tin packaging from industrial professionals\" \/>\n<meta property=\"og:url\" content=\"https:\/\/gytinbox.com\/fr\/verpackungsblog\/\" \/>\n<meta property=\"og:site_name\" content=\"China Tin Box Manufacturer\" \/>\n<meta property=\"article:modified_time\" content=\"2022-07-22T22:51:14+00:00\" \/>\n<meta name=\"twitter:card\" content=\"summary_large_image\" \/>\n<meta name=\"twitter:label1\" content=\"Dur\u00e9e de lecture estim\u00e9e\" \/>\n\t<meta name=\"twitter:data1\" content=\"1 minute\" \/>\n<script type=\"application\/ld+json\" class=\"yoast-schema-graph\">{\"@context\":\"https:\/\/schema.org\",\"@graph\":[{\"@type\":\"Organization\",\"@id\":\"https:\/\/gytinbox.com\/ja\/#organization\",\"name\":\"China Tin Box Manufacturer\",\"url\":\"https:\/\/gytinbox.com\/ja\/\",\"sameAs\":[],\"logo\":{\"@type\":\"ImageObject\",\"inLanguage\":\"fr-FR\",\"@id\":\"https:\/\/gytinbox.com\/ja\/#\/schema\/logo\/image\/\",\"url\":\"https:\/\/gytinbox.com\/wp-content\/uploads\/2021\/10\/cropped-site-logo-color.png\",\"contentUrl\":\"https:\/\/gytinbox.com\/wp-content\/uploads\/2021\/10\/cropped-site-logo-color.png\",\"width\":258,\"height\":104,\"caption\":\"China Tin Box Manufacturer\"},\"image\":{\"@id\":\"https:\/\/gytinbox.com\/ja\/#\/schema\/logo\/image\/\"}},{\"@type\":\"WebSite\",\"@id\":\"https:\/\/gytinbox.com\/ja\/#website\",\"url\":\"https:\/\/gytinbox.com\/ja\/\",\"name\":\"China Tin Box Manufacturer\",\"description\":\"Custom Tin Boxes Tin Cans Manufacturer &amp; Service Provider\",\"publisher\":{\"@id\":\"https:\/\/gytinbox.com\/ja\/#organization\"},\"potentialAction\":[{\"@type\":\"SearchAction\",\"target\":{\"@type\":\"EntryPoint\",\"urlTemplate\":\"https:\/\/gytinbox.com\/ja\/?s={search_term_string}\"},\"query-input\":\"required name=search_term_string\"}],\"inLanguage\":\"fr-FR\"},{\"@type\":\"WebPage\",\"@id\":\"https:\/\/gytinbox.com\/de\/verpackungsblog\/\",\"url\":\"https:\/\/gytinbox.com\/de\/verpackungsblog\/\",\"name\":\"Metal Tin Packaging Blog - China Tin Box Manufacturer\",\"isPartOf\":{\"@id\":\"https:\/\/gytinbox.com\/ja\/#website\"},\"datePublished\":\"2022-03-23T02:18:29+00:00\",\"dateModified\":\"2022-07-22T22:51:14+00:00\",\"description\":\"From this metal pacakging blog, you can have the lastest news, knowledge or know-how about metal tin packaging from industrial professionals\",\"breadcrumb\":{\"@id\":\"https:\/\/gytinbox.com\/de\/verpackungsblog\/#breadcrumb\"},\"inLanguage\":\"fr-FR\",\"potentialAction\":[{\"@type\":\"ReadAction\",\"target\":[\"https:\/\/gytinbox.com\/de\/verpackungsblog\/\"]}]},{\"@type\":\"BreadcrumbList\",\"@id\":\"https:\/\/gytinbox.com\/de\/verpackungsblog\/#breadcrumb\",\"itemListElement\":[{\"@type\":\"ListItem\",\"position\":1,\"name\":\"Home\",\"item\":\"https:\/\/gytinbox.com\/\"},{\"@type\":\"ListItem\",\"position\":2,\"name\":\"Packaging Blog\"}]}]}<\/script>\n<!-- \/ Yoast SEO plugin. -->","yoast_head_json":{"title":"Metal Tin Packaging Blog - China Tin Box Manufacturer","description":"From this metal pacakging blog, you can have the lastest news, knowledge or know-how about metal tin packaging from industrial professionals","robots":{"index":"index","follow":"follow","max-snippet":"max-snippet:-1","max-image-preview":"max-image-preview:large","max-video-preview":"max-video-preview:-1"},"canonical":"https:\/\/gytinbox.com\/fr\/verpackungsblog\/","og_locale":"fr_FR","og_type":"article","og_title":"Metal Tin Packaging Blog - China Tin Box Manufacturer","og_description":"From this metal pacakging blog, you can have the lastest news, knowledge or know-how about metal tin packaging from industrial professionals","og_url":"https:\/\/gytinbox.com\/fr\/verpackungsblog\/","og_site_name":"China Tin Box Manufacturer","article_modified_time":"2022-07-22T22:51:14+00:00","twitter_card":"summary_large_image","twitter_misc":{"Dur\u00e9e de lecture estim\u00e9e":"1 minute"},"schema":{"@context":"https:\/\/schema.org","@graph":[{"@type":"Organization","@id":"https:\/\/gytinbox.com\/ja\/#organization","name":"China Tin Box Manufacturer","url":"https:\/\/gytinbox.com\/ja\/","sameAs":[],"logo":{"@type":"ImageObject","inLanguage":"fr-FR","@id":"https:\/\/gytinbox.com\/ja\/#\/schema\/logo\/image\/","url":"https:\/\/gytinbox.com\/wp-content\/uploads\/2021\/10\/cropped-site-logo-color.png","contentUrl":"https:\/\/gytinbox.com\/wp-content\/uploads\/2021\/10\/cropped-site-logo-color.png","width":258,"height":104,"caption":"China Tin Box Manufacturer"},"image":{"@id":"https:\/\/gytinbox.com\/ja\/#\/schema\/logo\/image\/"}},{"@type":"WebSite","@id":"https:\/\/gytinbox.com\/ja\/#website","url":"https:\/\/gytinbox.com\/ja\/","name":"China Tin Box Manufacturer","description":"Custom Tin Boxes Tin Cans Manufacturer &amp; Service Provider","publisher":{"@id":"https:\/\/gytinbox.com\/ja\/#organization"},"potentialAction":[{"@type":"SearchAction","target":{"@type":"EntryPoint","urlTemplate":"https:\/\/gytinbox.com\/ja\/?s={search_term_string}"},"query-input":"required name=search_term_string"}],"inLanguage":"fr-FR"},{"@type":"WebPage","@id":"https:\/\/gytinbox.com\/de\/verpackungsblog\/","url":"https:\/\/gytinbox.com\/de\/verpackungsblog\/","name":"Metal Tin Packaging Blog - China Tin Box Manufacturer","isPartOf":{"@id":"https:\/\/gytinbox.com\/ja\/#website"},"datePublished":"2022-03-23T02:18:29+00:00","dateModified":"2022-07-22T22:51:14+00:00","description":"From this metal pacakging blog, you can have the lastest news, knowledge or know-how about metal tin packaging from industrial professionals","breadcrumb":{"@id":"https:\/\/gytinbox.com\/de\/verpackungsblog\/#breadcrumb"},"inLanguage":"fr-FR","potentialAction":[{"@type":"ReadAction","target":["https:\/\/gytinbox.com\/de\/verpackungsblog\/"]}]},{"@type":"BreadcrumbList","@id":"https:\/\/gytinbox.com\/de\/verpackungsblog\/#breadcrumb","itemListElement":[{"@type":"ListItem","position":1,"name":"Home","item":"https:\/\/gytinbox.com\/"},{"@type":"ListItem","position":2,"name":"Packaging Blog"}]}]}},"_links":{"self":[{"href":"https:\/\/gytinbox.com\/fr\/wp-json\/wp\/v2\/pages\/469","targetHints":{"allow":["GET"]}}],"collection":[{"href":"https:\/\/gytinbox.com\/fr\/wp-json\/wp\/v2\/pages"}],"about":[{"href":"https:\/\/gytinbox.com\/fr\/wp-json\/wp\/v2\/types\/page"}],"author":[{"embeddable":true,"href":"https:\/\/gytinbox.com\/fr\/wp-json\/wp\/v2\/users\/1"}],"replies":[{"embeddable":true,"href":"https:\/\/gytinbox.com\/fr\/wp-json\/wp\/v2\/comments?post=469"}],"version-history":[{"count":4,"href":"https:\/\/gytinbox.com\/fr\/wp-json\/wp\/v2\/pages\/469\/revisions"}],"predecessor-version":[{"id":473,"href":"https:\/\/gytinbox.com\/fr\/wp-json\/wp\/v2\/pages\/469\/revisions\/473"}],"wp:attachment":[{"href":"https:\/\/gytinbox.com\/fr\/wp-json\/wp\/v2\/media?parent=469"}],"curies":[{"name":"wp","href":"https:\/\/api.w.org\/{rel}","templated":true}]}}