{"id":469,"date":"2022-03-23T02:18:29","date_gmt":"2022-03-23T02:18:29","guid":{"rendered":"https:\/\/gytinbox.com\/?page_id=469"},"modified":"2022-07-22T22:51:14","modified_gmt":"2022-07-22T22:51:14","slug":"packaging-blog","status":"publish","type":"page","link":"https:\/\/gytinbox.com\/es\/embalaje-blog\/","title":{"rendered":"Blog de embalaje"},"content":{"rendered":"<div data-elementor-type=\"wp-page\" data-elementor-id=\"469\" class=\"elementor elementor-469\">\n\t\t\t\t\t\t\t\t\t<section class=\"elementor-section elementor-top-section elementor-element elementor-element-810fe1a elementor-section-boxed elementor-section-height-default elementor-section-height-default\" data-id=\"810fe1a\" data-element_type=\"section\" data-settings=\"{&quot;jet_parallax_layout_list&quot;:[{&quot;jet_parallax_layout_image&quot;:{&quot;url&quot;:&quot;&quot;,&quot;id&quot;:&quot;&quot;,&quot;size&quot;:&quot;&quot;},&quot;_id&quot;:&quot;8a53ebb&quot;,&quot;jet_parallax_layout_image_tablet&quot;:{&quot;url&quot;:&quot;&quot;,&quot;id&quot;:&quot;&quot;,&quot;size&quot;:&quot;&quot;},&quot;jet_parallax_layout_image_mobile&quot;:{&quot;url&quot;:&quot;&quot;,&quot;id&quot;:&quot;&quot;,&quot;size&quot;:&quot;&quot;},&quot;jet_parallax_layout_speed&quot;:{&quot;unit&quot;:&quot;%&quot;,&quot;size&quot;:50,&quot;sizes&quot;:[]},&quot;jet_parallax_layout_type&quot;:&quot;scroll&quot;,&quot;jet_parallax_layout_direction&quot;:null,&quot;jet_parallax_layout_fx_direction&quot;:null,&quot;jet_parallax_layout_z_index&quot;:&quot;&quot;,&quot;jet_parallax_layout_bg_x&quot;:50,&quot;jet_parallax_layout_bg_x_tablet&quot;:&quot;&quot;,&quot;jet_parallax_layout_bg_x_mobile&quot;:&quot;&quot;,&quot;jet_parallax_layout_bg_y&quot;:50,&quot;jet_parallax_layout_bg_y_tablet&quot;:&quot;&quot;,&quot;jet_parallax_layout_bg_y_mobile&quot;:&quot;&quot;,&quot;jet_parallax_layout_bg_size&quot;:&quot;auto&quot;,&quot;jet_parallax_layout_bg_size_tablet&quot;:&quot;&quot;,&quot;jet_parallax_layout_bg_size_mobile&quot;:&quot;&quot;,&quot;jet_parallax_layout_animation_prop&quot;:&quot;transform&quot;,&quot;jet_parallax_layout_on&quot;:[&quot;desktop&quot;,&quot;tablet&quot;]}]}\">\n\t\t\t\t\t\t<div class=\"elementor-container elementor-column-gap-default\">\n\t\t\t\t\t<div class=\"elementor-column elementor-col-100 elementor-top-column elementor-element elementor-element-18ac348\" data-id=\"18ac348\" data-element_type=\"column\">\n\t\t\t<div class=\"elementor-widget-wrap elementor-element-populated\">\n\t\t\t\t\t\t\t\t<div class=\"elementor-element elementor-element-cfc54fa elementor-grid-1 elementor-grid-tablet-2 elementor-grid-mobile-1 elementor-posts--thumbnail-top elementor-posts--show-avatar elementor-card-shadow-yes elementor-posts__hover-gradient elementor-widget elementor-widget-posts\" data-id=\"cfc54fa\" data-element_type=\"widget\" data-settings=\"{&quot;cards_columns&quot;:&quot;1&quot;,&quot;cards_columns_tablet&quot;:&quot;2&quot;,&quot;cards_columns_mobile&quot;:&quot;1&quot;,&quot;cards_row_gap&quot;:{&quot;unit&quot;:&quot;px&quot;,&quot;size&quot;:35,&quot;sizes&quot;:[]},&quot;cards_row_gap_tablet&quot;:{&quot;unit&quot;:&quot;px&quot;,&quot;size&quot;:&quot;&quot;,&quot;sizes&quot;:[]},&quot;cards_row_gap_mobile&quot;:{&quot;unit&quot;:&quot;px&quot;,&quot;size&quot;:&quot;&quot;,&quot;sizes&quot;:[]}}\" data-widget_type=\"posts.cards\">\n\t\t\t\t<div class=\"elementor-widget-container\">\n\t\t\t<link rel=\"stylesheet\" href=\"https:\/\/gytinbox.com\/wp-content\/plugins\/elementor-pro\/assets\/css\/widget-posts.min.css\">\t\t<div class=\"elementor-posts-container elementor-posts elementor-posts--skin-cards elementor-grid\">\n\t\t\t\t<article class=\"elementor-post elementor-grid-item post-1800 post type-post status-publish format-standard has-post-thumbnail hentry category-tins-production\">\n\t\t\t<div class=\"elementor-post__card\">\n\t\t\t\t<a class=\"elementor-post__thumbnail__link\" href=\"https:\/\/gytinbox.com\/es\/step-by-step-guide-on-how-to-read-and-place-graphic-artwork-on-a-tin-box-die-line\/\" ><div class=\"elementor-post__thumbnail\"><img loading=\"lazy\" decoding=\"async\" width=\"768\" height=\"432\" src=\"https:\/\/gytinbox.com\/wp-content\/uploads\/2022\/11\/how-to-read-a-dieline-file-768x432.jpg\" class=\"attachment-medium_large size-medium_large wp-image-1807\" alt=\"how to read a dieline file\" srcset=\"https:\/\/gytinbox.com\/wp-content\/uploads\/2022\/11\/how-to-read-a-dieline-file-768x432.jpg 768w, https:\/\/gytinbox.com\/wp-content\/uploads\/2022\/11\/how-to-read-a-dieline-file-300x169.jpg 300w, https:\/\/gytinbox.com\/wp-content\/uploads\/2022\/11\/how-to-read-a-dieline-file-1024x576.jpg 1024w, https:\/\/gytinbox.com\/wp-content\/uploads\/2022\/11\/how-to-read-a-dieline-file-1536x864.jpg 1536w, https:\/\/gytinbox.com\/wp-content\/uploads\/2022\/11\/how-to-read-a-dieline-file-2048x1152.jpg 2048w, https:\/\/gytinbox.com\/wp-content\/uploads\/2022\/11\/how-to-read-a-dieline-file-18x10.jpg 18w\" sizes=\"auto, (max-width: 768px) 100vw, 768px\" \/><\/div><\/a>\n\t\t\t\t<div class=\"elementor-post__badge\">Producci\u00f3n de latas<\/div>\n\t\t\t\t<div class=\"elementor-post__avatar\">\n\t\t\t<img alt='danielxie' src='https:\/\/secure.gravatar.com\/avatar\/59d3eb2845e7a1b6758e4e64aa5410bd4e40208dabeb889ff5b8c37fbdb0726a?s=128&#038;d=mm&#038;r=g' srcset='https:\/\/secure.gravatar.com\/avatar\/59d3eb2845e7a1b6758e4e64aa5410bd4e40208dabeb889ff5b8c37fbdb0726a?s=256&#038;d=mm&#038;r=g 2x' class='avatar avatar-128 photo' height='128' width='128' \/>\t\t<\/div>\n\t\t\t\t<div class=\"elementor-post__text\">\n\t\t\t\t<h3 class=\"elementor-post__title\">\n\t\t\t<a href=\"https:\/\/gytinbox.com\/es\/step-by-step-guide-on-how-to-read-and-place-graphic-artwork-on-a-tin-box-die-line\/\" >\n\t\t\t\tGu\u00eda paso a paso sobre c\u00f3mo leer y colocar ilustraciones gr\u00e1ficas en la l\u00ednea de troquel de una caja de hojalata\t\t\t<\/a>\n\t\t<\/h3>\n\t\t\t\t<div class=\"elementor-post__excerpt\">\n\t\t\t<p>Introduction Die line is the base of a successful custom packaging project, especially for custom packagings like metal tin cans or tin boxes, In this post, we will show you some practical examples of our custom printing projects, you will learn how to read and design properly on a tin box die line file. What<\/p>\n\t\t<\/div>\n\t\t\t\t\t<a class=\"elementor-post__read-more\" href=\"https:\/\/gytinbox.com\/es\/step-by-step-guide-on-how-to-read-and-place-graphic-artwork-on-a-tin-box-die-line\/\" >\n\t\t\t\tLee mas &quot;\t\t\t<\/a>\n\t\t\t\t<\/div>\n\t\t\t\t<div class=\"elementor-post__meta-data\">\n\t\t\t\t\t<span class=\"elementor-post-date\">\n\t\t\tnoviembre 30, 2022\t\t<\/span>\n\t\t\t\t<span class=\"elementor-post-avatar\">\n\t\t\tNo hay comentarios\t\t<\/span>\n\t\t\t\t<\/div>\n\t\t\t\t\t<\/div>\n\t\t<\/article>\n\t\t\t\t<article class=\"elementor-post elementor-grid-item post-1788 post type-post status-publish format-standard hentry category-uncategorized\">\n\t\t\t<div class=\"elementor-post__card\">\n\t\t\t\t<div class=\"elementor-post__text\">\n\t\t\t\t<h3 class=\"elementor-post__title\">\n\t\t\t<a href=\"https:\/\/gytinbox.com\/es\/the-complete-guide-to-tea-packaging\/\" >\n\t\t\t\tLa gu\u00eda completa sobre el envasado del t\u00e9 y c\u00f3mo decidir cu\u00e1les funcionan realmente\t\t\t<\/a>\n\t\t<\/h3>\n\t\t\t\t<div class=\"elementor-post__excerpt\">\n\t\t\t<p>Introduction Tea packaging is a very important part of the tea buying process. Consumers choose which type they want based on the type of tea they prefer and their personal preferences. There are three main types of packaging that tea producers use: paperboard, plastic, and foam. Paperboard is the most popular choice because it is<\/p>\n\t\t<\/div>\n\t\t\t\t\t<a class=\"elementor-post__read-more\" href=\"https:\/\/gytinbox.com\/es\/the-complete-guide-to-tea-packaging\/\" >\n\t\t\t\tLee mas &quot;\t\t\t<\/a>\n\t\t\t\t<\/div>\n\t\t\t\t<div class=\"elementor-post__meta-data\">\n\t\t\t\t\t<span class=\"elementor-post-date\">\n\t\t\tnoviembre 28, 2022\t\t<\/span>\n\t\t\t\t<span class=\"elementor-post-avatar\">\n\t\t\tNo hay comentarios\t\t<\/span>\n\t\t\t\t<\/div>\n\t\t\t\t\t<\/div>\n\t\t<\/article>\n\t\t\t\t<article class=\"elementor-post elementor-grid-item post-1620 post type-post status-publish format-standard hentry category-tins-production\">\n\t\t\t<div class=\"elementor-post__card\">\n\t\t\t\t<div class=\"elementor-post__text\">\n\t\t\t\t<h3 class=\"elementor-post__title\">\n\t\t\t<a href=\"https:\/\/gytinbox.com\/es\/hojalata-embalaje-ventajas\/\" >\n\t\t\t\tVarias ventajas del embalaje de caja de hojalata\t\t\t<\/a>\n\t\t<\/h3>\n\t\t\t\t<div class=\"elementor-post__excerpt\">\n\t\t\t<p>La hojalata se utiliza en una variedad de productos, incluidos envases de alimentos y bebidas, latas de grasa, latas de productos qu\u00edmicos y latas miscel\u00e1neas. Proporciona una buena protecci\u00f3n de las propiedades f\u00edsicas y qu\u00edmicas del producto. La hojalata puede cubrir m\u00e1s de 7.000 metros cuadrados de hierro. Una tonelada puede cubrir esta \u00e1rea. Tambi\u00e9n es muy barato. La hojalata m\u00e1s grande<\/p>\n\t\t<\/div>\n\t\t\t\t\t<a class=\"elementor-post__read-more\" href=\"https:\/\/gytinbox.com\/es\/hojalata-embalaje-ventajas\/\" >\n\t\t\t\tLee mas &quot;\t\t\t<\/a>\n\t\t\t\t<\/div>\n\t\t\t\t<div class=\"elementor-post__meta-data\">\n\t\t\t\t\t<span class=\"elementor-post-date\">\n\t\t\tagosto 13, 2022\t\t<\/span>\n\t\t\t\t<span class=\"elementor-post-avatar\">\n\t\t\t1 comentario\t\t<\/span>\n\t\t\t\t<\/div>\n\t\t\t\t\t<\/div>\n\t\t<\/article>\n\t\t\t\t<article class=\"elementor-post elementor-grid-item post-665 post type-post status-publish format-standard hentry category-uncategorized\">\n\t\t\t<div class=\"elementor-post__card\">\n\t\t\t\t<div class=\"elementor-post__text\">\n\t\t\t\t<h3 class=\"elementor-post__title\">\n\t\t\t<a href=\"https:\/\/gytinbox.com\/es\/caja-de-hojalata-creativa\/\" >\n\t\t\t\tEmbalaje de caja de hojalata creativa\t\t\t<\/a>\n\t\t<\/h3>\n\t\t\t\t<div class=\"elementor-post__excerpt\">\n\t\t\t<p>El empaque de caja de hojalata se usa ampliamente en muchas industrias, como el empaque de caja de hojalata para t\u00e9, el empaque de caja de hojalata para caf\u00e9, el empaque de caja de hojalata para regalos, etc. Excepto por la caracter\u00edstica sostenible para el medio ambiente, el empaque de caja de hojalata se ha ganado su propio lugar en el competitivo mundo de los envases por una raz\u00f3n inmejorable: los envases de caja de hojalata pueden<\/p>\n\t\t<\/div>\n\t\t\t\t\t<a class=\"elementor-post__read-more\" href=\"https:\/\/gytinbox.com\/es\/caja-de-hojalata-creativa\/\" >\n\t\t\t\tLee mas &quot;\t\t\t<\/a>\n\t\t\t\t<\/div>\n\t\t\t\t<div class=\"elementor-post__meta-data\">\n\t\t\t\t\t<span class=\"elementor-post-date\">\n\t\t\tjulio 13, 2022\t\t<\/span>\n\t\t\t\t<span class=\"elementor-post-avatar\">\n\t\t\tNo hay comentarios\t\t<\/span>\n\t\t\t\t<\/div>\n\t\t\t\t\t<\/div>\n\t\t<\/article>\n\t\t\t\t<article class=\"elementor-post elementor-grid-item post-660 post type-post status-publish format-standard hentry category-uncategorized\">\n\t\t\t<div class=\"elementor-post__card\">\n\t\t\t\t<div class=\"elementor-post__text\">\n\t\t\t\t<h3 class=\"elementor-post__title\">\n\t\t\t<a href=\"https:\/\/gytinbox.com\/es\/te-envasado-diseno-lata-lata\/\" >\n\t\t\t\tDise\u00f1o de envases de t\u00e9: maqueta y dise\u00f1o de latas de t\u00e9 paso a paso Tutoriales de Cinema 4d\t\t\t<\/a>\n\t\t<\/h3>\n\t\t\t\t<div class=\"elementor-post__excerpt\">\n\t\t\t<p>El dise\u00f1o de envases de t\u00e9 cubre un tema amplio, en este tutorial, nos centraremos en el envase de lata de t\u00e9, que es uno de los envases de t\u00e9 sostenibles, elegido por muchas marcas de t\u00e9. Lo que aprender\u00e1 Crear un modelo 3D de una lata de t\u00e9 Exportar el archivo de plantilla para el dise\u00f1o gr\u00e1fico Terminar el empaque del t\u00e9<\/p>\n\t\t<\/div>\n\t\t\t\t\t<a class=\"elementor-post__read-more\" href=\"https:\/\/gytinbox.com\/es\/te-envasado-diseno-lata-lata\/\" >\n\t\t\t\tLee mas &quot;\t\t\t<\/a>\n\t\t\t\t<\/div>\n\t\t\t\t<div class=\"elementor-post__meta-data\">\n\t\t\t\t\t<span class=\"elementor-post-date\">\n\t\t\tjulio 11, 2022\t\t<\/span>\n\t\t\t\t<span class=\"elementor-post-avatar\">\n\t\t\tNo hay comentarios\t\t<\/span>\n\t\t\t\t<\/div>\n\t\t\t\t\t<\/div>\n\t\t<\/article>\n\t\t\t\t<article class=\"elementor-post elementor-grid-item post-661 post type-post status-publish format-standard hentry category-uncategorized\">\n\t\t\t<div class=\"elementor-post__card\">\n\t\t\t\t<div class=\"elementor-post__text\">\n\t\t\t\t<h3 class=\"elementor-post__title\">\n\t\t\t<a href=\"https:\/\/gytinbox.com\/es\/dieline-of-packaging-the-ultimate-guide\/\" >\n\t\t\t\tDieline of Packaging: La gu\u00eda definitiva\t\t\t<\/a>\n\t\t<\/h3>\n\t\t\t\t<div class=\"elementor-post__excerpt\">\n\t\t\t<p>Dieline de que? Tipos de dieline Ejemplos de Dieline: leer una lata redonda dieline \u00bfQui\u00e9n proporciona el Dieline? \u00bfPuedes hacer una l\u00ednea de troquel t\u00fa mismo? Uso de Adobe Illustrator para crear Dielines: los mejores consejos pr\u00e1cticos que muestra escuchar No use estas herramientas para crear dielines \u00bfQu\u00e9 m\u00e1s muestran Dielines? Cuando las l\u00edneas de troquel est\u00e9n listas, \u00bfqu\u00e9 sigue? Necesitar<\/p>\n\t\t<\/div>\n\t\t\t\t\t<a class=\"elementor-post__read-more\" href=\"https:\/\/gytinbox.com\/es\/dieline-of-packaging-the-ultimate-guide\/\" >\n\t\t\t\tLee mas &quot;\t\t\t<\/a>\n\t\t\t\t<\/div>\n\t\t\t\t<div class=\"elementor-post__meta-data\">\n\t\t\t\t\t<span class=\"elementor-post-date\">\n\t\t\tjulio 11, 2022\t\t<\/span>\n\t\t\t\t<span class=\"elementor-post-avatar\">\n\t\t\tNo hay comentarios\t\t<\/span>\n\t\t\t\t<\/div>\n\t\t\t\t\t<\/div>\n\t\t<\/article>\n\t\t\t\t<\/div>\n\n\n\t\t\n\t\t\t\t<\/div>\n\t\t\t\t<\/div>\n\t\t\t\t\t<\/div>\n\t\t<\/div>\n\t\t\t\t\t\t\t<\/div>\n\t\t<\/section>\n\t\t\t\t\t\t\t<\/div>","protected":false},"excerpt":{"rendered":"","protected":false},"author":1,"featured_media":0,"parent":0,"menu_order":0,"comment_status":"closed","ping_status":"closed","template":"","meta":{"footnotes":""},"class_list":["post-469","page","type-page","status-publish","hentry"],"yoast_head":"<!-- This site is optimized with the Yoast SEO plugin v19.4 - https:\/\/yoast.com\/wordpress\/plugins\/seo\/ -->\n<title>Metal Tin Packaging Blog - China Tin Box Manufacturer<\/title>\n<meta name=\"description\" content=\"From this metal pacakging blog, you can have the lastest news, knowledge or know-how about metal tin packaging from industrial professionals\" \/>\n<meta name=\"robots\" content=\"index, follow, max-snippet:-1, max-image-preview:large, max-video-preview:-1\" \/>\n<link rel=\"canonical\" href=\"https:\/\/gytinbox.com\/es\/verpackungsblog\/\" \/>\n<meta property=\"og:locale\" content=\"es_ES\" \/>\n<meta property=\"og:type\" content=\"article\" \/>\n<meta property=\"og:title\" content=\"Metal Tin Packaging Blog - China Tin Box Manufacturer\" \/>\n<meta property=\"og:description\" content=\"From this metal pacakging blog, you can have the lastest news, knowledge or know-how about metal tin packaging from industrial professionals\" \/>\n<meta property=\"og:url\" content=\"https:\/\/gytinbox.com\/es\/verpackungsblog\/\" \/>\n<meta property=\"og:site_name\" content=\"China Tin Box Manufacturer\" \/>\n<meta property=\"article:modified_time\" content=\"2022-07-22T22:51:14+00:00\" \/>\n<meta name=\"twitter:card\" content=\"summary_large_image\" \/>\n<meta name=\"twitter:label1\" content=\"Tiempo de lectura\" \/>\n\t<meta name=\"twitter:data1\" content=\"1 minuto\" \/>\n<script type=\"application\/ld+json\" class=\"yoast-schema-graph\">{\"@context\":\"https:\/\/schema.org\",\"@graph\":[{\"@type\":\"Organization\",\"@id\":\"https:\/\/gytinbox.com\/ja\/#organization\",\"name\":\"China Tin Box Manufacturer\",\"url\":\"https:\/\/gytinbox.com\/ja\/\",\"sameAs\":[],\"logo\":{\"@type\":\"ImageObject\",\"inLanguage\":\"es\",\"@id\":\"https:\/\/gytinbox.com\/ja\/#\/schema\/logo\/image\/\",\"url\":\"https:\/\/gytinbox.com\/wp-content\/uploads\/2021\/10\/cropped-site-logo-color.png\",\"contentUrl\":\"https:\/\/gytinbox.com\/wp-content\/uploads\/2021\/10\/cropped-site-logo-color.png\",\"width\":258,\"height\":104,\"caption\":\"China Tin Box Manufacturer\"},\"image\":{\"@id\":\"https:\/\/gytinbox.com\/ja\/#\/schema\/logo\/image\/\"}},{\"@type\":\"WebSite\",\"@id\":\"https:\/\/gytinbox.com\/ja\/#website\",\"url\":\"https:\/\/gytinbox.com\/ja\/\",\"name\":\"China Tin Box Manufacturer\",\"description\":\"Custom Tin Boxes Tin Cans Manufacturer &amp; Service Provider\",\"publisher\":{\"@id\":\"https:\/\/gytinbox.com\/ja\/#organization\"},\"potentialAction\":[{\"@type\":\"SearchAction\",\"target\":{\"@type\":\"EntryPoint\",\"urlTemplate\":\"https:\/\/gytinbox.com\/ja\/?s={search_term_string}\"},\"query-input\":\"required name=search_term_string\"}],\"inLanguage\":\"es\"},{\"@type\":\"WebPage\",\"@id\":\"https:\/\/gytinbox.com\/de\/verpackungsblog\/\",\"url\":\"https:\/\/gytinbox.com\/de\/verpackungsblog\/\",\"name\":\"Metal Tin Packaging Blog - China Tin Box Manufacturer\",\"isPartOf\":{\"@id\":\"https:\/\/gytinbox.com\/ja\/#website\"},\"datePublished\":\"2022-03-23T02:18:29+00:00\",\"dateModified\":\"2022-07-22T22:51:14+00:00\",\"description\":\"From this metal pacakging blog, you can have the lastest news, knowledge or know-how about metal tin packaging from industrial professionals\",\"breadcrumb\":{\"@id\":\"https:\/\/gytinbox.com\/de\/verpackungsblog\/#breadcrumb\"},\"inLanguage\":\"es\",\"potentialAction\":[{\"@type\":\"ReadAction\",\"target\":[\"https:\/\/gytinbox.com\/de\/verpackungsblog\/\"]}]},{\"@type\":\"BreadcrumbList\",\"@id\":\"https:\/\/gytinbox.com\/de\/verpackungsblog\/#breadcrumb\",\"itemListElement\":[{\"@type\":\"ListItem\",\"position\":1,\"name\":\"Home\",\"item\":\"https:\/\/gytinbox.com\/\"},{\"@type\":\"ListItem\",\"position\":2,\"name\":\"Packaging Blog\"}]}]}<\/script>\n<!-- \/ Yoast SEO plugin. -->","yoast_head_json":{"title":"Metal Tin Packaging Blog - China Tin Box Manufacturer","description":"From this metal pacakging blog, you can have the lastest news, knowledge or know-how about metal tin packaging from industrial professionals","robots":{"index":"index","follow":"follow","max-snippet":"max-snippet:-1","max-image-preview":"max-image-preview:large","max-video-preview":"max-video-preview:-1"},"canonical":"https:\/\/gytinbox.com\/es\/verpackungsblog\/","og_locale":"es_ES","og_type":"article","og_title":"Metal Tin Packaging Blog - China Tin Box Manufacturer","og_description":"From this metal pacakging blog, you can have the lastest news, knowledge or know-how about metal tin packaging from industrial professionals","og_url":"https:\/\/gytinbox.com\/es\/verpackungsblog\/","og_site_name":"China Tin Box Manufacturer","article_modified_time":"2022-07-22T22:51:14+00:00","twitter_card":"summary_large_image","twitter_misc":{"Tiempo de lectura":"1 minuto"},"schema":{"@context":"https:\/\/schema.org","@graph":[{"@type":"Organization","@id":"https:\/\/gytinbox.com\/ja\/#organization","name":"China Tin Box Manufacturer","url":"https:\/\/gytinbox.com\/ja\/","sameAs":[],"logo":{"@type":"ImageObject","inLanguage":"es","@id":"https:\/\/gytinbox.com\/ja\/#\/schema\/logo\/image\/","url":"https:\/\/gytinbox.com\/wp-content\/uploads\/2021\/10\/cropped-site-logo-color.png","contentUrl":"https:\/\/gytinbox.com\/wp-content\/uploads\/2021\/10\/cropped-site-logo-color.png","width":258,"height":104,"caption":"China Tin Box Manufacturer"},"image":{"@id":"https:\/\/gytinbox.com\/ja\/#\/schema\/logo\/image\/"}},{"@type":"WebSite","@id":"https:\/\/gytinbox.com\/ja\/#website","url":"https:\/\/gytinbox.com\/ja\/","name":"China Tin Box Manufacturer","description":"Custom Tin Boxes Tin Cans Manufacturer &amp; Service Provider","publisher":{"@id":"https:\/\/gytinbox.com\/ja\/#organization"},"potentialAction":[{"@type":"SearchAction","target":{"@type":"EntryPoint","urlTemplate":"https:\/\/gytinbox.com\/ja\/?s={search_term_string}"},"query-input":"required name=search_term_string"}],"inLanguage":"es"},{"@type":"WebPage","@id":"https:\/\/gytinbox.com\/de\/verpackungsblog\/","url":"https:\/\/gytinbox.com\/de\/verpackungsblog\/","name":"Metal Tin Packaging Blog - China Tin Box Manufacturer","isPartOf":{"@id":"https:\/\/gytinbox.com\/ja\/#website"},"datePublished":"2022-03-23T02:18:29+00:00","dateModified":"2022-07-22T22:51:14+00:00","description":"From this metal pacakging blog, you can have the lastest news, knowledge or know-how about metal tin packaging from industrial professionals","breadcrumb":{"@id":"https:\/\/gytinbox.com\/de\/verpackungsblog\/#breadcrumb"},"inLanguage":"es","potentialAction":[{"@type":"ReadAction","target":["https:\/\/gytinbox.com\/de\/verpackungsblog\/"]}]},{"@type":"BreadcrumbList","@id":"https:\/\/gytinbox.com\/de\/verpackungsblog\/#breadcrumb","itemListElement":[{"@type":"ListItem","position":1,"name":"Home","item":"https:\/\/gytinbox.com\/"},{"@type":"ListItem","position":2,"name":"Packaging Blog"}]}]}},"_links":{"self":[{"href":"https:\/\/gytinbox.com\/es\/wp-json\/wp\/v2\/pages\/469","targetHints":{"allow":["GET"]}}],"collection":[{"href":"https:\/\/gytinbox.com\/es\/wp-json\/wp\/v2\/pages"}],"about":[{"href":"https:\/\/gytinbox.com\/es\/wp-json\/wp\/v2\/types\/page"}],"author":[{"embeddable":true,"href":"https:\/\/gytinbox.com\/es\/wp-json\/wp\/v2\/users\/1"}],"replies":[{"embeddable":true,"href":"https:\/\/gytinbox.com\/es\/wp-json\/wp\/v2\/comments?post=469"}],"version-history":[{"count":4,"href":"https:\/\/gytinbox.com\/es\/wp-json\/wp\/v2\/pages\/469\/revisions"}],"predecessor-version":[{"id":473,"href":"https:\/\/gytinbox.com\/es\/wp-json\/wp\/v2\/pages\/469\/revisions\/473"}],"wp:attachment":[{"href":"https:\/\/gytinbox.com\/es\/wp-json\/wp\/v2\/media?parent=469"}],"curies":[{"name":"wp","href":"https:\/\/api.w.org\/{rel}","templated":true}]}}