{"id":3,"date":"2021-10-09T13:04:05","date_gmt":"2021-10-09T13:04:05","guid":{"rendered":"http:\/\/gytinbox.com\/?page_id=3"},"modified":"2022-07-22T22:56:54","modified_gmt":"2022-07-22T22:56:54","slug":"privacy-policy","status":"publish","type":"page","link":"https:\/\/gytinbox.com\/es\/politica-de-privacidad\/","title":{"rendered":"Pol\u00edtica de privacidad"},"content":{"rendered":"<h1>Pol\u00edtica de privacidad de Goodyou Packaging<\/h1>\n<p>En Goodyou Packaging Site, accesible desde https:\/\/gytinbox.com, una de nuestras principales prioridades es la privacidad de nuestros visitantes. Este documento de Pol\u00edtica de privacidad contiene tipos de informaci\u00f3n que Goodyou Packaging Site recopila y registra y c\u00f3mo la usamos.<\/p>\n<p>Si tienes preguntas adicionales o requieres m\u00e1s informaci\u00f3n sobre nuestra Pol\u00edtica de Privacidad, no dudes en contactarnos.<\/p>\n<p>Esta Pol\u00edtica de privacidad se aplica solo a nuestras actividades en l\u00ednea y es v\u00e1lida para los visitantes de nuestro sitio web con respecto a la informaci\u00f3n que compartieron y\/o recopilaron en el sitio de Goodyou Packaging. Esta pol\u00edtica no se aplica a ninguna informaci\u00f3n recopilada fuera de l\u00ednea o a trav\u00e9s de canales que no sean este sitio web.\u00a0<\/p>\n<h2>Consentir<\/h2>\n<p>Al utilizar nuestro sitio web, usted acepta nuestra Pol\u00edtica de privacidad y acepta sus t\u00e9rminos.<\/p>\n<h2>Informaci\u00f3n que recopilamos<\/h2>\n<p>La informaci\u00f3n personal que se le solicita que proporcione, y las razones por las que se le solicita que la proporcione, se le aclarar\u00e1n en el momento en que le solicitemos que proporcione su informaci\u00f3n personal.<\/p>\n<p>Si se comunica con nosotros directamente, es posible que recibamos informaci\u00f3n adicional sobre usted, como su nombre, direcci\u00f3n de correo electr\u00f3nico, n\u00famero de tel\u00e9fono, el contenido del mensaje y\/o los archivos adjuntos que nos env\u00ede, y cualquier otra informaci\u00f3n que decida proporcionar.<\/p>\n<p>Cuando se registra para una Cuenta, podemos solicitar su informaci\u00f3n de contacto, incluidos elementos como el nombre, el nombre de la empresa, la direcci\u00f3n, la direcci\u00f3n de correo electr\u00f3nico y el n\u00famero de tel\u00e9fono.<\/p>\n<h2>C\u00f3mo usamos su informaci\u00f3n<\/h2>\n<p>Usamos la informaci\u00f3n que recopilamos de varias maneras, incluso para:<\/p>\n<ul>\n<li>Proporcionar, operar y mantener nuestro sitio web<\/li>\n<li>Mejorar, personalizar y expandir nuestro sitio web<\/li>\n<li>Comprender y analizar c\u00f3mo utiliza nuestro sitio web<\/li>\n<li>Desarrollar nuevos productos, servicios, caracter\u00edsticas y funcionalidades.<\/li>\n<li>Comunicarnos con usted, ya sea directamente o a trav\u00e9s de uno de nuestros socios, incluido el servicio de atenci\u00f3n al cliente, para brindarle actualizaciones y otra informaci\u00f3n relacionada con el sitio web, y con fines promocionales y de marketing.<\/li>\n<li>Enviarle correos electr\u00f3nicos<\/li>\n<li>Encuentre y prevenga el fraude<\/li>\n<\/ul>\n<h2>Archivos de registro<\/h2>\n<p>Goodyou Packaging Site sigue un procedimiento est\u00e1ndar de uso de archivos de registro. Estos archivos registran a los visitantes cuando visitan sitios web. Todas las empresas de alojamiento hacen esto y forman parte del an\u00e1lisis de los servicios de alojamiento. La informaci\u00f3n recopilada por los archivos de registro incluye direcciones de protocolo de Internet (IP), tipo de navegador, proveedor de servicios de Internet (ISP), marca de fecha y hora, p\u00e1ginas de referencia\/salida y posiblemente la cantidad de clics. Estos no est\u00e1n vinculados a ninguna informaci\u00f3n que sea personalmente identificable. El prop\u00f3sito de la informaci\u00f3n es analizar tendencias, administrar el sitio, rastrear el movimiento de los usuarios en el sitio web y recopilar informaci\u00f3n demogr\u00e1fica.<\/p>\n<h2>Pol\u00edticas de privacidad de socios publicitarios<\/h2>\n<p>Puede consultar esta lista para encontrar la Pol\u00edtica de privacidad de cada uno de los socios publicitarios de Goodyou Packaging Site.<\/p>\n<p>Los servidores de anuncios o redes publicitarias de terceros utilizan tecnolog\u00edas como cookies, JavaScript o balizas web que se utilizan en sus respectivos anuncios y enlaces que aparecen en el sitio de Goodyou Packaging, que se env\u00edan directamente al navegador de los usuarios. Reciben autom\u00e1ticamente su direcci\u00f3n IP cuando esto ocurre. Estas tecnolog\u00edas se utilizan para medir la efectividad de sus campa\u00f1as publicitarias y\/o para personalizar el contenido publicitario que ve en los sitios web que visita.<\/p>\n<p>Tenga en cuenta que Goodyou Packaging Site no tiene acceso ni control sobre estas cookies que utilizan los anunciantes de terceros.<\/p>\n<h2>Pol\u00edticas de privacidad de terceros<\/h2>\n<p>La Pol\u00edtica de privacidad del sitio Goodyou Packaging no se aplica a otros anunciantes o sitios web. Por lo tanto, le recomendamos que consulte las Pol\u00edticas de privacidad respectivas de estos servidores de anuncios de terceros para obtener informaci\u00f3n m\u00e1s detallada. Puede incluir sus pr\u00e1cticas e instrucciones sobre c\u00f3mo excluirse de ciertas opciones.<\/p>\n<p>Puede optar por deshabilitar las cookies a trav\u00e9s de las opciones de su navegador individual. Para conocer informaci\u00f3n m\u00e1s detallada sobre la gesti\u00f3n de cookies con navegadores web espec\u00edficos, se puede encontrar en los sitios web respectivos de los navegadores.<\/p>\n<h2>Derechos de privacidad de CCPA (No vender mi informaci\u00f3n personal)<\/h2>\n<p>Seg\u00fan la CCPA, entre otros derechos, los consumidores de California tienen derecho a:<\/p>\n<p>Solicitar que una empresa que recopila datos personales de un consumidor divulgue las categor\u00edas y piezas espec\u00edficas de datos personales que una empresa ha recopilado sobre los consumidores.<\/p>\n<p>Solicitar que una empresa elimine cualquier dato personal sobre el consumidor que haya recopilado una empresa.<\/p>\n<p>Solicitar que una empresa que vende los datos personales de un consumidor, no venda los datos personales del consumidor.<\/p>\n<p>Si realiza una solicitud, tenemos un mes para responderle. Si desea ejercer alguno de estos derechos, p\u00f3ngase en contacto con nosotros.<\/p>\n<h2>Derechos de protecci\u00f3n de datos RGPD<\/h2>\n<p>Nos gustar\u00eda asegurarnos de que conoce todos sus derechos de protecci\u00f3n de datos. Todo usuario tiene derecho a lo siguiente:<\/p>\n<p>El derecho de acceso: tiene derecho a solicitar copias de sus datos personales. Es posible que le cobremos una peque\u00f1a tarifa por este servicio.<\/p>\n<p>El derecho a la rectificaci\u00f3n: tiene derecho a solicitar que corrijamos cualquier informaci\u00f3n que crea que es inexacta. Tambi\u00e9n tiene derecho a solicitar que completemos la informaci\u00f3n que cree que est\u00e1 incompleta.<\/p>\n<p>El derecho a borrar: tiene derecho a solicitar que eliminemos sus datos personales, bajo ciertas condiciones.<\/p>\n<p>El derecho a restringir el procesamiento: tiene derecho a solicitar que restrinjamos el procesamiento de sus datos personales, bajo ciertas condiciones.<\/p>\n<p>El derecho a oponerse al procesamiento: tiene derecho a oponerse a que procesemos sus datos personales, bajo ciertas condiciones.<\/p>\n<p>El derecho a la portabilidad de datos: tiene derecho a solicitar que transfiramos los datos que hemos recopilado a otra organizaci\u00f3n, o directamente a usted, bajo ciertas condiciones.<\/p>\n<p>Si realiza una solicitud, tenemos un mes para responderle. Si desea ejercer alguno de estos derechos, p\u00f3ngase en contacto con nosotros.<\/p>\n<h2>Informaci\u00f3n para ni\u00f1os<\/h2>\n<p>Otra parte de nuestra prioridad es agregar protecci\u00f3n para los ni\u00f1os mientras usan Internet. Alentamos a los padres y tutores a observar, participar y\/o monitorear y guiar su actividad en l\u00ednea.<\/p>\n<p>Goodyou Packaging Site no recopila a sabiendas ninguna informaci\u00f3n de identificaci\u00f3n personal de ni\u00f1os menores de 13 a\u00f1os. Si cree que su hijo proporcion\u00f3 este tipo de informaci\u00f3n en nuestro sitio web, le recomendamos encarecidamente que se comunique con nosotros de inmediato y haremos todo lo posible para eliminar de inmediato dicha informaci\u00f3n de nuestros registros.<\/p>","protected":false},"excerpt":{"rendered":"<p>Privacy Policy for Goodyou Packaging At Goodyou Packaging Site, accessible from https:\/\/gytinbox.com, one of our main priorities is the privacy of our visitors. This Privacy Policy document contains types of information that is collected and recorded by Goodyou Packaging Site and how we use it. If you have additional questions or require more information about &#8230; <a title=\"Pol\u00edtica de privacidad\" class=\"read-more\" href=\"https:\/\/gytinbox.com\/es\/politica-de-privacidad\/\" aria-label=\"M\u00e1s en Privacy Policy\">Leer m\u00e1s<\/a><\/p>","protected":false},"author":1,"featured_media":0,"parent":0,"menu_order":0,"comment_status":"closed","ping_status":"open","template":"","meta":{"footnotes":""},"class_list":["post-3","page","type-page","status-publish"],"yoast_head":"<!-- This site is optimized with the Yoast SEO plugin v19.4 - https:\/\/yoast.com\/wordpress\/plugins\/seo\/ -->\n<title>Privacy Policy - China Tin Box Manufacturer<\/title>\n<meta name=\"description\" content=\"We take the privacy of our site vistors seriously, only collect the data you are willing to share like your email or phone number and etc.\" \/>\n<meta name=\"robots\" content=\"index, follow, max-snippet:-1, max-image-preview:large, max-video-preview:-1\" \/>\n<link rel=\"canonical\" href=\"https:\/\/gytinbox.com\/es\/politica-de-privacidad\/\" \/>\n<meta property=\"og:locale\" content=\"es_ES\" \/>\n<meta property=\"og:type\" content=\"article\" \/>\n<meta property=\"og:title\" content=\"Privacy Policy - China Tin Box Manufacturer\" \/>\n<meta property=\"og:description\" content=\"We take the privacy of our site vistors seriously, only collect the data you are willing to share like your email or phone number and etc.\" \/>\n<meta property=\"og:url\" content=\"https:\/\/gytinbox.com\/es\/politica-de-privacidad\/\" \/>\n<meta property=\"og:site_name\" content=\"China Tin Box Manufacturer\" \/>\n<meta property=\"article:modified_time\" content=\"2022-07-22T22:56:54+00:00\" \/>\n<meta name=\"twitter:card\" content=\"summary_large_image\" \/>\n<meta name=\"twitter:label1\" content=\"Tiempo de lectura\" \/>\n\t<meta name=\"twitter:data1\" content=\"5 minutos\" \/>\n<script type=\"application\/ld+json\" class=\"yoast-schema-graph\">{\"@context\":\"https:\/\/schema.org\",\"@graph\":[{\"@type\":\"Organization\",\"@id\":\"https:\/\/gytinbox.com\/ja\/#organization\",\"name\":\"China Tin Box Manufacturer\",\"url\":\"https:\/\/gytinbox.com\/ja\/\",\"sameAs\":[],\"logo\":{\"@type\":\"ImageObject\",\"inLanguage\":\"es\",\"@id\":\"https:\/\/gytinbox.com\/ja\/#\/schema\/logo\/image\/\",\"url\":\"https:\/\/gytinbox.com\/wp-content\/uploads\/2021\/10\/cropped-site-logo-color.png\",\"contentUrl\":\"https:\/\/gytinbox.com\/wp-content\/uploads\/2021\/10\/cropped-site-logo-color.png\",\"width\":258,\"height\":104,\"caption\":\"China Tin Box Manufacturer\"},\"image\":{\"@id\":\"https:\/\/gytinbox.com\/ja\/#\/schema\/logo\/image\/\"}},{\"@type\":\"WebSite\",\"@id\":\"https:\/\/gytinbox.com\/ja\/#website\",\"url\":\"https:\/\/gytinbox.com\/ja\/\",\"name\":\"China Tin Box Manufacturer\",\"description\":\"Custom Tin Boxes Tin Cans Manufacturer &amp; Service Provider\",\"publisher\":{\"@id\":\"https:\/\/gytinbox.com\/ja\/#organization\"},\"potentialAction\":[{\"@type\":\"SearchAction\",\"target\":{\"@type\":\"EntryPoint\",\"urlTemplate\":\"https:\/\/gytinbox.com\/ja\/?s={search_term_string}\"},\"query-input\":\"required name=search_term_string\"}],\"inLanguage\":\"es\"},{\"@type\":\"WebPage\",\"@id\":\"https:\/\/gytinbox.com\/privacy-policy\/\",\"url\":\"https:\/\/gytinbox.com\/privacy-policy\/\",\"name\":\"Privacy Policy - China Tin Box Manufacturer\",\"isPartOf\":{\"@id\":\"https:\/\/gytinbox.com\/ja\/#website\"},\"datePublished\":\"2021-10-09T13:04:05+00:00\",\"dateModified\":\"2022-07-22T22:56:54+00:00\",\"description\":\"We take the privacy of our site vistors seriously, only collect the data you are willing to share like your email or phone number and etc.\",\"breadcrumb\":{\"@id\":\"https:\/\/gytinbox.com\/privacy-policy\/#breadcrumb\"},\"inLanguage\":\"es\",\"potentialAction\":[{\"@type\":\"ReadAction\",\"target\":[\"https:\/\/gytinbox.com\/privacy-policy\/\"]}]},{\"@type\":\"BreadcrumbList\",\"@id\":\"https:\/\/gytinbox.com\/privacy-policy\/#breadcrumb\",\"itemListElement\":[{\"@type\":\"ListItem\",\"position\":1,\"name\":\"Home\",\"item\":\"https:\/\/gytinbox.com\/\"},{\"@type\":\"ListItem\",\"position\":2,\"name\":\"Privacy Policy\"}]}]}<\/script>\n<!-- \/ Yoast SEO plugin. -->","yoast_head_json":{"title":"Privacy Policy - China Tin Box Manufacturer","description":"We take the privacy of our site vistors seriously, only collect the data you are willing to share like your email or phone number and etc.","robots":{"index":"index","follow":"follow","max-snippet":"max-snippet:-1","max-image-preview":"max-image-preview:large","max-video-preview":"max-video-preview:-1"},"canonical":"https:\/\/gytinbox.com\/es\/politica-de-privacidad\/","og_locale":"es_ES","og_type":"article","og_title":"Privacy Policy - China Tin Box Manufacturer","og_description":"We take the privacy of our site vistors seriously, only collect the data you are willing to share like your email or phone number and etc.","og_url":"https:\/\/gytinbox.com\/es\/politica-de-privacidad\/","og_site_name":"China Tin Box Manufacturer","article_modified_time":"2022-07-22T22:56:54+00:00","twitter_card":"summary_large_image","twitter_misc":{"Tiempo de lectura":"5 minutos"},"schema":{"@context":"https:\/\/schema.org","@graph":[{"@type":"Organization","@id":"https:\/\/gytinbox.com\/ja\/#organization","name":"China Tin Box Manufacturer","url":"https:\/\/gytinbox.com\/ja\/","sameAs":[],"logo":{"@type":"ImageObject","inLanguage":"es","@id":"https:\/\/gytinbox.com\/ja\/#\/schema\/logo\/image\/","url":"https:\/\/gytinbox.com\/wp-content\/uploads\/2021\/10\/cropped-site-logo-color.png","contentUrl":"https:\/\/gytinbox.com\/wp-content\/uploads\/2021\/10\/cropped-site-logo-color.png","width":258,"height":104,"caption":"China Tin Box Manufacturer"},"image":{"@id":"https:\/\/gytinbox.com\/ja\/#\/schema\/logo\/image\/"}},{"@type":"WebSite","@id":"https:\/\/gytinbox.com\/ja\/#website","url":"https:\/\/gytinbox.com\/ja\/","name":"China Tin Box Manufacturer","description":"Custom Tin Boxes Tin Cans Manufacturer &amp; Service Provider","publisher":{"@id":"https:\/\/gytinbox.com\/ja\/#organization"},"potentialAction":[{"@type":"SearchAction","target":{"@type":"EntryPoint","urlTemplate":"https:\/\/gytinbox.com\/ja\/?s={search_term_string}"},"query-input":"required name=search_term_string"}],"inLanguage":"es"},{"@type":"WebPage","@id":"https:\/\/gytinbox.com\/privacy-policy\/","url":"https:\/\/gytinbox.com\/privacy-policy\/","name":"Privacy Policy - China Tin Box Manufacturer","isPartOf":{"@id":"https:\/\/gytinbox.com\/ja\/#website"},"datePublished":"2021-10-09T13:04:05+00:00","dateModified":"2022-07-22T22:56:54+00:00","description":"We take the privacy of our site vistors seriously, only collect the data you are willing to share like your email or phone number and etc.","breadcrumb":{"@id":"https:\/\/gytinbox.com\/privacy-policy\/#breadcrumb"},"inLanguage":"es","potentialAction":[{"@type":"ReadAction","target":["https:\/\/gytinbox.com\/privacy-policy\/"]}]},{"@type":"BreadcrumbList","@id":"https:\/\/gytinbox.com\/privacy-policy\/#breadcrumb","itemListElement":[{"@type":"ListItem","position":1,"name":"Home","item":"https:\/\/gytinbox.com\/"},{"@type":"ListItem","position":2,"name":"Privacy Policy"}]}]}},"_links":{"self":[{"href":"https:\/\/gytinbox.com\/es\/wp-json\/wp\/v2\/pages\/3","targetHints":{"allow":["GET"]}}],"collection":[{"href":"https:\/\/gytinbox.com\/es\/wp-json\/wp\/v2\/pages"}],"about":[{"href":"https:\/\/gytinbox.com\/es\/wp-json\/wp\/v2\/types\/page"}],"author":[{"embeddable":true,"href":"https:\/\/gytinbox.com\/es\/wp-json\/wp\/v2\/users\/1"}],"replies":[{"embeddable":true,"href":"https:\/\/gytinbox.com\/es\/wp-json\/wp\/v2\/comments?post=3"}],"version-history":[{"count":1,"href":"https:\/\/gytinbox.com\/es\/wp-json\/wp\/v2\/pages\/3\/revisions"}],"predecessor-version":[{"id":929,"href":"https:\/\/gytinbox.com\/es\/wp-json\/wp\/v2\/pages\/3\/revisions\/929"}],"wp:attachment":[{"href":"https:\/\/gytinbox.com\/es\/wp-json\/wp\/v2\/media?parent=3"}],"curies":[{"name":"wp","href":"https:\/\/api.w.org\/{rel}","templated":true}]}}