{"id":3,"date":"2021-10-09T13:04:05","date_gmt":"2021-10-09T13:04:05","guid":{"rendered":"http:\/\/gytinbox.com\/?page_id=3"},"modified":"2022-07-22T22:56:54","modified_gmt":"2022-07-22T22:56:54","slug":"privacy-policy","status":"publish","type":"page","link":"https:\/\/gytinbox.com\/de\/datenschutz-bestimmungen\/","title":{"rendered":"Datenschutz-Bestimmungen"},"content":{"rendered":"<h1>Datenschutzrichtlinie f\u00fcr Goodyou Packaging<\/h1>\n<p>Auf der Goodyou Packaging Site, die \u00fcber https:\/\/gytinbox.com zug\u00e4nglich ist, ist die Privatsph\u00e4re unserer Besucher eine unserer Hauptpriorit\u00e4ten. Diese Datenschutzrichtlinie enth\u00e4lt Arten von Informationen, die von der Goodyou Packaging Site gesammelt und aufgezeichnet werden, und wie wir sie verwenden.<\/p>\n<p>Wenn Sie weitere Fragen haben oder weitere Informationen zu unserer Datenschutzrichtlinie ben\u00f6tigen, z\u00f6gern Sie nicht, uns zu kontaktieren.<\/p>\n<p>Diese Datenschutzrichtlinie gilt nur f\u00fcr unsere Online-Aktivit\u00e4ten und gilt f\u00fcr Besucher unserer Website in Bezug auf die Informationen, die sie auf der Goodyou Packaging Site geteilt und\/oder gesammelt haben. Diese Richtlinie gilt nicht f\u00fcr Informationen, die offline oder \u00fcber andere Kan\u00e4le als diese Website gesammelt werden.\u00a0<\/p>\n<h2>Zustimmung<\/h2>\n<p>Durch die Nutzung unserer Website stimmen Sie hiermit unserer Datenschutzrichtlinie zu und stimmen ihren Bedingungen zu.<\/p>\n<h2>Informationen, die wir sammeln<\/h2>\n<p>Die personenbezogenen Daten, um die Sie gebeten werden, und die Gr\u00fcnde, warum Sie dazu aufgefordert werden, werden Ihnen an dem Punkt klar gemacht, an dem wir Sie um die Angabe Ihrer personenbezogenen Daten bitten.<\/p>\n<p>Wenn Sie uns direkt kontaktieren, erhalten wir m\u00f6glicherweise zus\u00e4tzliche Informationen \u00fcber Sie, wie z. B. Ihren Namen, Ihre E-Mail-Adresse, Telefonnummer, den Inhalt der Nachricht und\/oder der Anh\u00e4nge, die Sie uns m\u00f6glicherweise senden, sowie alle anderen Informationen, die Sie angeben m\u00f6chten.<\/p>\n<p>Wenn Sie sich f\u00fcr ein Konto registrieren, fragen wir Sie m\u00f6glicherweise nach Ihren Kontaktinformationen, einschlie\u00dflich Angaben wie Name, Firmenname, Adresse, E-Mail-Adresse und Telefonnummer.<\/p>\n<h2>Wie wir Ihre Informationen verwenden<\/h2>\n<p>Wir verwenden die von uns gesammelten Informationen auf verschiedene Weise, einschlie\u00dflich um:<\/p>\n<ul>\n<li>Bereitstellung, Betrieb und Wartung unserer Website<\/li>\n<li>Verbessern, personalisieren und erweitern Sie unsere Website<\/li>\n<li>Verstehen und analysieren, wie Sie unsere Website nutzen<\/li>\n<li>Entwickeln Sie neue Produkte, Dienstleistungen, Features und Funktionen<\/li>\n<li>Kommunikation mit Ihnen, entweder direkt oder \u00fcber einen unserer Partner, einschlie\u00dflich f\u00fcr den Kundendienst, um Ihnen Updates und andere Informationen in Bezug auf die Website sowie f\u00fcr Marketing- und Werbezwecke zukommen zu lassen<\/li>\n<li>Senden Sie E-Mails<\/li>\n<li>Finden und verhindern Sie Betrug<\/li>\n<\/ul>\n<h2>Protokolldateien<\/h2>\n<p>Goodyou Packaging Site folgt einem Standardverfahren zur Verwendung von Protokolldateien. Diese Dateien protokollieren Besucher, wenn sie Websites besuchen. Alle Hosting-Unternehmen tun dies und einen Teil der Analyse der Hosting-Dienste. Zu den von Protokolldateien gesammelten Informationen geh\u00f6ren Internetprotokolladressen (IP-Adressen), Browsertyp, Internetdienstanbieter (ISP), Datums- und Zeitstempel, Verweis-\/Ausstiegsseiten und m\u00f6glicherweise die Anzahl der Klicks. Diese werden nicht mit personenbezogenen Daten verkn\u00fcpft. Der Zweck der Informationen besteht darin, Trends zu analysieren, die Website zu verwalten, die Bewegungen der Benutzer auf der Website zu verfolgen und demografische Informationen zu sammeln.<\/p>\n<h2>Datenschutzrichtlinien von Werbepartnern<\/h2>\n<p>Sie k\u00f6nnen diese Liste konsultieren, um die Datenschutzrichtlinie f\u00fcr jeden der Werbepartner der Goodyou Packaging Site zu finden.<\/p>\n<p>Werbeserver oder Werbenetzwerke von Drittanbietern verwenden Technologien wie Cookies, JavaScript oder Web Beacons, die in ihren jeweiligen Anzeigen und Links verwendet werden, die auf der Goodyou Packaging Site erscheinen und direkt an den Browser der Benutzer gesendet werden. Sie erhalten dabei automatisch Ihre IP-Adresse. Diese Technologien werden verwendet, um die Effektivit\u00e4t ihrer Werbekampagnen zu messen und\/oder die Werbeinhalte zu personalisieren, die Sie auf den von Ihnen besuchten Websites sehen.<\/p>\n<p>Beachten Sie, dass Goodyou Packaging Site keinen Zugriff auf oder Kontrolle \u00fcber diese Cookies hat, die von Werbetreibenden Dritter verwendet werden.<\/p>\n<h2>Datenschutzrichtlinien von Drittanbietern<\/h2>\n<p>Die Datenschutzrichtlinie der Goodyou Packaging Site gilt nicht f\u00fcr andere Werbetreibende oder Websites. Daher empfehlen wir Ihnen, die jeweiligen Datenschutzrichtlinien dieser Drittanbieter-Ad-Server f\u00fcr detailliertere Informationen zu konsultieren. Es kann ihre Praktiken und Anweisungen zum Deaktivieren bestimmter Optionen enthalten.<\/p>\n<p>Sie k\u00f6nnen Cookies \u00fcber Ihre individuellen Browseroptionen deaktivieren. Ausf\u00fchrlichere Informationen zur Cookie-Verwaltung mit bestimmten Webbrowsern finden Sie auf den jeweiligen Websites der Browser.<\/p>\n<h2>CCPA-Datenschutzrechte (Meine personenbezogenen Daten nicht verkaufen)<\/h2>\n<p>Unter dem CCPA haben kalifornische Verbraucher neben anderen Rechten das Recht:<\/p>\n<p>Verlangen Sie, dass ein Unternehmen, das personenbezogene Daten eines Verbrauchers sammelt, die Kategorien und spezifischen Teile personenbezogener Daten offenlegt, die ein Unternehmen \u00fcber Verbraucher gesammelt hat.<\/p>\n<p>Fordern Sie ein Unternehmen auf, alle personenbezogenen Daten \u00fcber den Verbraucher zu l\u00f6schen, die ein Unternehmen gesammelt hat.<\/p>\n<p>Verlangen Sie, dass ein Unternehmen, das die personenbezogenen Daten eines Verbrauchers verkauft, die personenbezogenen Daten des Verbrauchers nicht verkauft.<\/p>\n<p>Wenn Sie eine Anfrage stellen, haben wir einen Monat Zeit, um Ihnen zu antworten. Wenn Sie eines dieser Rechte aus\u00fcben m\u00f6chten, kontaktieren Sie uns bitte.<\/p>\n<h2>DSGVO Datenschutzrechte<\/h2>\n<p>Wir m\u00f6chten sicherstellen, dass Sie sich all Ihrer Datenschutzrechte voll bewusst sind. Jeder Benutzer hat Anspruch auf:<\/p>\n<p>Auskunftsrecht \u2013 Sie haben das Recht, Kopien Ihrer personenbezogenen Daten anzufordern. F\u00fcr diesen Service k\u00f6nnen wir Ihnen eine kleine Geb\u00fchr berechnen.<\/p>\n<p>Das Recht auf Berichtigung \u2013 Sie haben das Recht zu verlangen, dass wir alle Informationen korrigieren, die Sie f\u00fcr unrichtig halten. Sie haben auch das Recht zu verlangen, dass wir die Informationen vervollst\u00e4ndigen, die Sie f\u00fcr unvollst\u00e4ndig halten.<\/p>\n<p>Das Recht auf L\u00f6schung \u2013 Sie haben das Recht zu verlangen, dass wir Ihre personenbezogenen Daten unter bestimmten Bedingungen l\u00f6schen.<\/p>\n<p>Das Recht auf Einschr\u00e4nkung der Verarbeitung \u2013 Sie haben das Recht zu verlangen, dass wir die Verarbeitung Ihrer personenbezogenen Daten unter bestimmten Bedingungen einschr\u00e4nken.<\/p>\n<p>Das Recht, der Verarbeitung zu widersprechen \u2013 Sie haben unter bestimmten Bedingungen das Recht, unserer Verarbeitung Ihrer personenbezogenen Daten zu widersprechen.<\/p>\n<p>Das Recht auf Daten\u00fcbertragbarkeit \u2013 Sie haben das Recht zu verlangen, dass wir die von uns erfassten Daten unter bestimmten Bedingungen an eine andere Organisation oder direkt an Sie \u00fcbertragen.<\/p>\n<p>Wenn Sie eine Anfrage stellen, haben wir einen Monat Zeit, um Ihnen zu antworten. Wenn Sie eines dieser Rechte aus\u00fcben m\u00f6chten, kontaktieren Sie uns bitte.<\/p>\n<h2>Informationen f\u00fcr Kinder<\/h2>\n<p>Ein weiterer Teil unserer Priorit\u00e4t ist der Schutz von Kindern bei der Nutzung des Internets. Wir ermutigen Eltern und Erziehungsberechtigte, ihre Online-Aktivit\u00e4ten zu beobachten, daran teilzunehmen und\/oder sie zu \u00fcberwachen und zu leiten.<\/p>\n<p>Goodyou Packaging Site sammelt wissentlich keine personenbezogenen Daten von Kindern unter 13 Jahren. Wenn Sie der Meinung sind, dass Ihr Kind diese Art von Informationen auf unserer Website bereitgestellt hat, empfehlen wir Ihnen dringend, sich umgehend mit uns in Verbindung zu setzen, und wir werden unser Bestes tun, um dies zu tun solche Informationen umgehend aus unseren Aufzeichnungen entfernen.<\/p>","protected":false},"excerpt":{"rendered":"<p>Privacy Policy for Goodyou Packaging At Goodyou Packaging Site, accessible from https:\/\/gytinbox.com, one of our main priorities is the privacy of our visitors. This Privacy Policy document contains types of information that is collected and recorded by Goodyou Packaging Site and how we use it. If you have additional questions or require more information about &#8230; <a title=\"Datenschutz-Bestimmungen\" class=\"read-more\" href=\"https:\/\/gytinbox.com\/de\/datenschutz-bestimmungen\/\" aria-label=\"Mehr bei Privacy Policy\">Weiterlesen &#8230;<\/a><\/p>","protected":false},"author":1,"featured_media":0,"parent":0,"menu_order":0,"comment_status":"closed","ping_status":"open","template":"","meta":{"footnotes":""},"class_list":["post-3","page","type-page","status-publish"],"yoast_head":"<!-- This site is optimized with the Yoast SEO plugin v19.4 - https:\/\/yoast.com\/wordpress\/plugins\/seo\/ -->\n<title>Privacy Policy - China Tin Box Manufacturer<\/title>\n<meta name=\"description\" content=\"We take the privacy of our site vistors seriously, only collect the data you are willing to share like your email or phone number and etc.\" \/>\n<meta name=\"robots\" content=\"index, follow, max-snippet:-1, max-image-preview:large, max-video-preview:-1\" \/>\n<link rel=\"canonical\" href=\"https:\/\/gytinbox.com\/de\/datenschutz-bestimmungen\/\" \/>\n<meta property=\"og:locale\" content=\"de_DE\" \/>\n<meta property=\"og:type\" content=\"article\" \/>\n<meta property=\"og:title\" content=\"Privacy Policy - China Tin Box Manufacturer\" \/>\n<meta property=\"og:description\" content=\"We take the privacy of our site vistors seriously, only collect the data you are willing to share like your email or phone number and etc.\" \/>\n<meta property=\"og:url\" content=\"https:\/\/gytinbox.com\/de\/datenschutz-bestimmungen\/\" \/>\n<meta property=\"og:site_name\" content=\"China Tin Box Manufacturer\" \/>\n<meta property=\"article:modified_time\" content=\"2022-07-22T22:56:54+00:00\" \/>\n<meta name=\"twitter:card\" content=\"summary_large_image\" \/>\n<meta name=\"twitter:label1\" content=\"Gesch\u00e4tzte Lesezeit\" \/>\n\t<meta name=\"twitter:data1\" content=\"5\u00a0Minuten\" \/>\n<script type=\"application\/ld+json\" class=\"yoast-schema-graph\">{\"@context\":\"https:\/\/schema.org\",\"@graph\":[{\"@type\":\"Organization\",\"@id\":\"https:\/\/gytinbox.com\/ja\/#organization\",\"name\":\"China Tin Box Manufacturer\",\"url\":\"https:\/\/gytinbox.com\/ja\/\",\"sameAs\":[],\"logo\":{\"@type\":\"ImageObject\",\"inLanguage\":\"de\",\"@id\":\"https:\/\/gytinbox.com\/ja\/#\/schema\/logo\/image\/\",\"url\":\"https:\/\/gytinbox.com\/wp-content\/uploads\/2021\/10\/cropped-site-logo-color.png\",\"contentUrl\":\"https:\/\/gytinbox.com\/wp-content\/uploads\/2021\/10\/cropped-site-logo-color.png\",\"width\":258,\"height\":104,\"caption\":\"China Tin Box Manufacturer\"},\"image\":{\"@id\":\"https:\/\/gytinbox.com\/ja\/#\/schema\/logo\/image\/\"}},{\"@type\":\"WebSite\",\"@id\":\"https:\/\/gytinbox.com\/ja\/#website\",\"url\":\"https:\/\/gytinbox.com\/ja\/\",\"name\":\"China Tin Box Manufacturer\",\"description\":\"Custom Tin Boxes Tin Cans Manufacturer &amp; Service Provider\",\"publisher\":{\"@id\":\"https:\/\/gytinbox.com\/ja\/#organization\"},\"potentialAction\":[{\"@type\":\"SearchAction\",\"target\":{\"@type\":\"EntryPoint\",\"urlTemplate\":\"https:\/\/gytinbox.com\/ja\/?s={search_term_string}\"},\"query-input\":\"required name=search_term_string\"}],\"inLanguage\":\"de\"},{\"@type\":\"WebPage\",\"@id\":\"https:\/\/gytinbox.com\/privacy-policy\/\",\"url\":\"https:\/\/gytinbox.com\/privacy-policy\/\",\"name\":\"Privacy Policy - China Tin Box Manufacturer\",\"isPartOf\":{\"@id\":\"https:\/\/gytinbox.com\/ja\/#website\"},\"datePublished\":\"2021-10-09T13:04:05+00:00\",\"dateModified\":\"2022-07-22T22:56:54+00:00\",\"description\":\"We take the privacy of our site vistors seriously, only collect the data you are willing to share like your email or phone number and etc.\",\"breadcrumb\":{\"@id\":\"https:\/\/gytinbox.com\/privacy-policy\/#breadcrumb\"},\"inLanguage\":\"de\",\"potentialAction\":[{\"@type\":\"ReadAction\",\"target\":[\"https:\/\/gytinbox.com\/privacy-policy\/\"]}]},{\"@type\":\"BreadcrumbList\",\"@id\":\"https:\/\/gytinbox.com\/privacy-policy\/#breadcrumb\",\"itemListElement\":[{\"@type\":\"ListItem\",\"position\":1,\"name\":\"Home\",\"item\":\"https:\/\/gytinbox.com\/\"},{\"@type\":\"ListItem\",\"position\":2,\"name\":\"Privacy Policy\"}]}]}<\/script>\n<!-- \/ Yoast SEO plugin. -->","yoast_head_json":{"title":"Privacy Policy - China Tin Box Manufacturer","description":"We take the privacy of our site vistors seriously, only collect the data you are willing to share like your email or phone number and etc.","robots":{"index":"index","follow":"follow","max-snippet":"max-snippet:-1","max-image-preview":"max-image-preview:large","max-video-preview":"max-video-preview:-1"},"canonical":"https:\/\/gytinbox.com\/de\/datenschutz-bestimmungen\/","og_locale":"de_DE","og_type":"article","og_title":"Privacy Policy - China Tin Box Manufacturer","og_description":"We take the privacy of our site vistors seriously, only collect the data you are willing to share like your email or phone number and etc.","og_url":"https:\/\/gytinbox.com\/de\/datenschutz-bestimmungen\/","og_site_name":"China Tin Box Manufacturer","article_modified_time":"2022-07-22T22:56:54+00:00","twitter_card":"summary_large_image","twitter_misc":{"Gesch\u00e4tzte Lesezeit":"5\u00a0Minuten"},"schema":{"@context":"https:\/\/schema.org","@graph":[{"@type":"Organization","@id":"https:\/\/gytinbox.com\/ja\/#organization","name":"China Tin Box Manufacturer","url":"https:\/\/gytinbox.com\/ja\/","sameAs":[],"logo":{"@type":"ImageObject","inLanguage":"de","@id":"https:\/\/gytinbox.com\/ja\/#\/schema\/logo\/image\/","url":"https:\/\/gytinbox.com\/wp-content\/uploads\/2021\/10\/cropped-site-logo-color.png","contentUrl":"https:\/\/gytinbox.com\/wp-content\/uploads\/2021\/10\/cropped-site-logo-color.png","width":258,"height":104,"caption":"China Tin Box Manufacturer"},"image":{"@id":"https:\/\/gytinbox.com\/ja\/#\/schema\/logo\/image\/"}},{"@type":"WebSite","@id":"https:\/\/gytinbox.com\/ja\/#website","url":"https:\/\/gytinbox.com\/ja\/","name":"China Tin Box Manufacturer","description":"Custom Tin Boxes Tin Cans Manufacturer &amp; Service Provider","publisher":{"@id":"https:\/\/gytinbox.com\/ja\/#organization"},"potentialAction":[{"@type":"SearchAction","target":{"@type":"EntryPoint","urlTemplate":"https:\/\/gytinbox.com\/ja\/?s={search_term_string}"},"query-input":"required name=search_term_string"}],"inLanguage":"de"},{"@type":"WebPage","@id":"https:\/\/gytinbox.com\/privacy-policy\/","url":"https:\/\/gytinbox.com\/privacy-policy\/","name":"Privacy Policy - China Tin Box Manufacturer","isPartOf":{"@id":"https:\/\/gytinbox.com\/ja\/#website"},"datePublished":"2021-10-09T13:04:05+00:00","dateModified":"2022-07-22T22:56:54+00:00","description":"We take the privacy of our site vistors seriously, only collect the data you are willing to share like your email or phone number and etc.","breadcrumb":{"@id":"https:\/\/gytinbox.com\/privacy-policy\/#breadcrumb"},"inLanguage":"de","potentialAction":[{"@type":"ReadAction","target":["https:\/\/gytinbox.com\/privacy-policy\/"]}]},{"@type":"BreadcrumbList","@id":"https:\/\/gytinbox.com\/privacy-policy\/#breadcrumb","itemListElement":[{"@type":"ListItem","position":1,"name":"Home","item":"https:\/\/gytinbox.com\/"},{"@type":"ListItem","position":2,"name":"Privacy Policy"}]}]}},"_links":{"self":[{"href":"https:\/\/gytinbox.com\/de\/wp-json\/wp\/v2\/pages\/3","targetHints":{"allow":["GET"]}}],"collection":[{"href":"https:\/\/gytinbox.com\/de\/wp-json\/wp\/v2\/pages"}],"about":[{"href":"https:\/\/gytinbox.com\/de\/wp-json\/wp\/v2\/types\/page"}],"author":[{"embeddable":true,"href":"https:\/\/gytinbox.com\/de\/wp-json\/wp\/v2\/users\/1"}],"replies":[{"embeddable":true,"href":"https:\/\/gytinbox.com\/de\/wp-json\/wp\/v2\/comments?post=3"}],"version-history":[{"count":1,"href":"https:\/\/gytinbox.com\/de\/wp-json\/wp\/v2\/pages\/3\/revisions"}],"predecessor-version":[{"id":929,"href":"https:\/\/gytinbox.com\/de\/wp-json\/wp\/v2\/pages\/3\/revisions\/929"}],"wp:attachment":[{"href":"https:\/\/gytinbox.com\/de\/wp-json\/wp\/v2\/media?parent=3"}],"curies":[{"name":"wp","href":"https:\/\/api.w.org\/{rel}","templated":true}]}}